{"id":1732,"date":"2024-08-26T23:41:41","date_gmt":"2024-08-26T21:41:41","guid":{"rendered":"https:\/\/zielonakaretka.pl\/sklep\/?post_type=product&#038;p=1732"},"modified":"2024-08-26T23:46:56","modified_gmt":"2024-08-26T21:46:56","slug":"cleaner-420","status":"publish","type":"product","link":"https:\/\/zielonakaretka.pl\/sklep\/produkt\/cleaner-420","title":{"rendered":"Cleaner 420FREE"},"content":{"rendered":"<p>To preparat w postaci p\u0142ynnej wspieraj\u0105cy prac\u0119 uk\u0142adu pokarmowego, wspomagaj\u0105cy uk\u0142ad odporno\u015bciowy, trawienie oraz prac\u0119 w\u0105troby. Zawiera AAKG (alfa-ketoglutoran L-argininy) oraz naturalne ekstrakty ro\u015blinne.To suplement diety, kt\u00f3ry odpowiada za odpowiednie zakwaszenie przewodu pokarmowego, w tym jamy ustnej. Suplement dba o prawid\u0142ow\u0105 prac\u0119 uk\u0142adu pokarmowego a jednocze\u015bnie\u00a0eliminuje toksyny\u00a0pozostaj\u0105ce w jamie ustnej m.in. po spo\u017cyciu marihuany medycznej.<\/p>\n<p>Produkt powsta\u0142 z my\u015bl\u0105 o u\u017cytkownikach medycznej marihuany, kt\u00f3rzy s\u0105 \u015bwiadomi efekt\u00f3w ubocznych za\u017cywania medycznej marihuany a jednocze\u015bnie nie chc\u0105 nara\u017ca\u0107 si\u0119 na konsekwencj\u0119 prawne. W Polsce prewencyjna kontrola Policji polega na robieniu test\u00f3w ze \u015bliny a wynik jest albo dodatni albo ujemny i nie ma \u017cadnej tolerancji na czas spo\u017cycia medycznych konopi ani ilo\u015b\u0107.<\/p>\n<p>420FREE to produkt naturalny, dzi\u0119ki kt\u00f3remu wszystkie pozosta\u0142o\u015bci THC i zanieczyszcze\u0144\u00a0 zostan\u0105 skutecznie usuni\u0119te natychmiast po aplikacji.<\/p>\n<p>Sk\u0142ad: Ocet winny czerwony, kwasy (kwas siarkowy, kwas solny), alfa-ketoglutoran L-argininy, ekstrakt z p\u0105k\u00f3w kwiat\u00f3w drzewa czapetki pachn\u0105cej (Syzygium aromaticum), ekstrakt z bulw czosnku zwyczajnego (Allium Sativum L.), ekstrakt z ziela pio\u0142unu (Artemisia absinthium L.), ekstrakt z nasion kopru w\u0142oskiego (Foeniculum vulgare), ekstrakt z korzenia buraka zwyczajnego (Beta vulgaris)<\/p>\n<p>&nbsp;<\/p>\n<p><strong>SPOS\u00d3B U\u017bYCIA<\/strong><\/p>\n<p><span class=\"x_gmail-TextRun x_gmail-SCXW28003618 x_gmail-BCX0\" lang=\"PL-PL\"><span class=\"x_gmail-NormalTextRun x_gmail-SCXW28003618 x_gmail-BCX0\">1. Potrz\u0105\u015bnij produkt, aby sk\u0142adniki by\u0142y dobrze zmieszane<br \/>\n2. Spryskaj jam\u0119 ustn\u0105\u00a0<\/span><span class=\"x_gmail-NormalTextRun x_gmail-ContextualSpellingAndGrammarErrorV2Themed x_gmail-SCXW28003618 x_gmail-BCX0\">( j\u0119zyk<\/span><span class=\"x_gmail-NormalTextRun x_gmail-SCXW28003618 x_gmail-BCX0\">, policzki, podniebienie) od 4 do 8 doz<br \/>\n3. Rozprowad\u017a produkt w ustach przez ok\u00a0<\/span><span class=\"x_gmail-NormalTextRun x_gmail-ContextualSpellingAndGrammarErrorV2Themed x_gmail-SCXW28003618 x_gmail-BCX0\">30\u00a0<\/span><span class=\"x_gmail-NormalTextRun x_gmail-SCXW28003618 x_gmail-BCX0\">sekund<\/span><\/span><span class=\"x_gmail-EOP x_gmail-SCXW28003618 x_gmail-BCX0\"><br \/>\n<\/span><span class=\"x_gmail-TextRun x_gmail-SCXW28003618 x_gmail-BCX0\" lang=\"PL-PL\"><span class=\"x_gmail-NormalTextRun x_gmail-SCXW28003618 x_gmail-BCX0\">4. Wypluj p\u0142yn albo po\u0142knij (produkt jest naturalny i nie zawiera alkoholu)<\/span><\/span><span class=\"x_gmail-EOP x_gmail-SCXW28003618 x_gmail-BCX0\"><br \/>\n<\/span><span class=\"x_gmail-TextRun x_gmail-SCXW28003618 x_gmail-BCX0\" lang=\"PL-PL\"><span class=\"x_gmail-NormalTextRun x_gmail-SCXW28003618 x_gmail-BCX0\">5. Odczekaj ok 5 minut a\u017c produkt zacznie dzia\u0142a\u0107<\/span><\/span><\/p>\n<div tabindex=\"0\" role=\"button\" data-tab=\"3\" aria-controls=\"elementor-tab-content-1593\" aria-expanded=\"true\" aria-selected=\"true\"><\/div>\n<div id=\"elementor-tab-title-1593\" class=\"elementor-tab-title elementor-active\" tabindex=\"0\" role=\"button\" data-tab=\"3\" aria-controls=\"elementor-tab-content-1593\" aria-expanded=\"true\" aria-selected=\"true\"><strong><a class=\"elementor-accordion-title\" tabindex=\"0\">OSTRZE\u017bENIA OD PRODUCENTA\u00a0<\/a><\/strong><\/div>\n<div id=\"elementor-tab-content-1593\" class=\"elementor-tab-content elementor-clearfix elementor-active\" role=\"region\" data-tab=\"3\" aria-labelledby=\"elementor-tab-title-1593\">\n<div class=\"x_gmail-OutlineElement x_gmail-Ltr x_gmail-SCXW28003618 x_gmail-BCX0\">\n<ul>\n<li>Po otwarciu spo\u017cy\u0107 w\u00a0ci\u0105gu 60 dni.<\/li>\n<li>Nie nale\u017cy przekracza\u0107 zalecanej porcji do spo\u017cycia w\u00a0ci\u0105gu dnia.<\/li>\n<li>Suplementy diety nie mog\u0105 by\u0107 stosowane jako substytut zr\u00f3\u017cnicowanej diety.<\/li>\n<li>Zr\u00f3wnowa\u017cony spos\u00f3b \u017cywienia oraz zdrowy tryb \u017cycia s\u0105 podstaw\u0105 prawid\u0142owego funkcjonowania organizmu.<\/li>\n<li>Produkt nie jest przeznaczony dla os\u00f3b poni\u017cej 18 roku \u017cycia, kobiet w\u00a0ci\u0105\u017cy oraz karmi\u0105cych piersi\u0105.<\/li>\n<li>Osoby przyjmuj\u0105ce leki lub choruj\u0105ce powinny skonsultowa\u0107 si\u0119 z\u00a0lekarzem przed spo\u017cyciem.<\/li>\n<li><span class=\"x_gmail-TextRun x_gmail-SCXW28003618 x_gmail-BCX0\" lang=\"PL-PL\"><span class=\"x_gmail-NormalTextRun x_gmail-SCXW28003618 x_gmail-BCX0\">Naszym celem nie jest namawianie do oszukiwania test\u00f3w narkotycznych w tym na obecno\u015b\u0107 THC.<\/span><\/span><span class=\"x_gmail-EOP x_gmail-SCXW28003618 x_gmail-BCX0\">\u00a0<\/span><\/li>\n<li><span class=\"x_gmail-NormalTextRun x_gmail-SCXW28003618 x_gmail-BCX0\">N<\/span><span class=\"x_gmail-NormalTextRun x_gmail-SCXW28003618 x_gmail-BCX0\">ie\u00a0<\/span><span class=\"x_gmail-NormalTextRun x_gmail-SCXW28003618 x_gmail-BCX0\">zach\u0119camy<\/span><span class=\"x_gmail-NormalTextRun x_gmail-SCXW28003618 x_gmail-BCX0\">\u00a0kogokolwiek do za\u017cywania\u00a0<\/span><span class=\"x_gmail-NormalTextRun x_gmail-SCXW28003618 x_gmail-BCX0\">medycznej marihuany<\/span><span class=\"x_gmail-NormalTextRun x_gmail-SCXW28003618 x_gmail-BCX0\"> bez zalecenia i wskazania od lekarza.\u00a0<\/span><\/li>\n<\/ul>\n<p>SPOS\u00d3B PRZECHOWYWANIA ORAZ POJEMNO\u015a\u0106:<br \/>\nprzechowywa\u0107 w spos\u00f3b niedost\u0119pny dla dzieci, w zaciemnionym i ch\u0142odnym miejscu | 60 ml<\/p>\n<\/div>\n<\/div>\n<p><!--more--><\/p>\n","protected":false},"excerpt":{"rendered":"<p>To preparat w postaci p\u0142ynnej wspieraj\u0105cy prac\u0119 uk\u0142adu pokarmowego, wspomagaj\u0105cy uk\u0142ad odporno\u015bciowy, trawienie oraz prac\u0119 w\u0105troby. Zawiera AAKG (alfa-ketoglutoran L-argininy) oraz naturalne ekstrakty ro\u015blinne.To suplement diety, kt\u00f3ry odpowiada za odpowiednie zakwaszenie przewodu pokarmowego, w tym jamy ustnej. Suplement dba o prawid\u0142ow\u0105 prac\u0119 uk\u0142adu pokarmowego a jednocze\u015bnie\u00a0eliminuje toksyny\u00a0pozostaj\u0105ce w jamie ustnej m.in. po spo\u017cyciu marihuany medycznej. [&hellip;]<\/p>\n","protected":false},"featured_media":1733,"template":"","meta":[],"product_brand":[],"product_cat":[42],"product_tag":[],"class_list":{"0":"post-1732","1":"product","2":"type-product","3":"status-publish","4":"has-post-thumbnail","6":"product_cat-suplementy","8":"first","9":"instock","10":"shipping-taxable","11":"purchasable","12":"product-type-simple"},"yoast_head":"<!-- This site is optimized with the Yoast SEO plugin v27.4 - https:\/\/yoast.com\/product\/yoast-seo-wordpress\/ -->\n<title>Cleaner 420FREE - Zielona karetka.pl - sklep z waporyzatorami<\/title>\n<meta name=\"description\" content=\"Cleaner 420Free to innowacyjny, w pe\u0142ni naturalny \u015brodek stworzony z my\u015bl\u0105 o u\u017cytkownikach medycznej marihuany. Specjalnie opracowana formu\u0142a skutecznie usuwa pozosta\u0142o\u015bci po waporyzacji i spo\u017cyciu konopi z jamy ustnej, zapewniaj\u0105c \u015bwie\u017cy oddech i higien\u0119. Zawiera wy\u0142\u0105cznie naturalne sk\u0142adniki, kt\u00f3re nie tylko oczyszczaj\u0105, ale tak\u017ce piel\u0119gnuj\u0105 jam\u0119 ustn\u0105, nie powoduj\u0105c podra\u017cnie\u0144. Cleaner 420Free to idealny wyb\u00f3r dla os\u00f3b dbaj\u0105cych o zdrowie i preferuj\u0105cych naturalne rozwi\u0105zania. Sprawd\u017a, jak \u0142atwo mo\u017cesz zadba\u0107 o higien\u0119 po ka\u017cdej sesji z medyczn\u0105 marihuan\u0105!\" \/>\n<meta name=\"robots\" content=\"index, follow, max-snippet:-1, max-image-preview:large, max-video-preview:-1\" \/>\n<link rel=\"canonical\" href=\"https:\/\/zielonakaretka.pl\/sklep\/produkt\/cleaner-420\" \/>\n<meta property=\"og:locale\" content=\"pl_PL\" \/>\n<meta property=\"og:type\" content=\"article\" \/>\n<meta property=\"og:title\" content=\"Cleaner 420FREE - Zielona karetka.pl - sklep z waporyzatorami\" \/>\n<meta property=\"og:description\" content=\"Cleaner 420Free to innowacyjny, w pe\u0142ni naturalny \u015brodek stworzony z my\u015bl\u0105 o u\u017cytkownikach medycznej marihuany. Specjalnie opracowana formu\u0142a skutecznie usuwa pozosta\u0142o\u015bci po waporyzacji i spo\u017cyciu konopi z jamy ustnej, zapewniaj\u0105c \u015bwie\u017cy oddech i higien\u0119. Zawiera wy\u0142\u0105cznie naturalne sk\u0142adniki, kt\u00f3re nie tylko oczyszczaj\u0105, ale tak\u017ce piel\u0119gnuj\u0105 jam\u0119 ustn\u0105, nie powoduj\u0105c podra\u017cnie\u0144. Cleaner 420Free to idealny wyb\u00f3r dla os\u00f3b dbaj\u0105cych o zdrowie i preferuj\u0105cych naturalne rozwi\u0105zania. Sprawd\u017a, jak \u0142atwo mo\u017cesz zadba\u0107 o higien\u0119 po ka\u017cdej sesji z medyczn\u0105 marihuan\u0105!\" \/>\n<meta property=\"og:url\" content=\"https:\/\/zielonakaretka.pl\/sklep\/produkt\/cleaner-420\" \/>\n<meta property=\"og:site_name\" content=\"Zielona karetka.pl - sklep z waporyzatorami\" \/>\n<meta property=\"article:modified_time\" content=\"2024-08-26T21:46:56+00:00\" \/>\n<meta property=\"og:image\" content=\"https:\/\/zielonakaretka.pl\/sklep\/wp-content\/uploads\/2024\/08\/KONKURS.png\" \/>\n\t<meta property=\"og:image:width\" content=\"940\" \/>\n\t<meta property=\"og:image:height\" content=\"788\" \/>\n\t<meta property=\"og:image:type\" content=\"image\/png\" \/>\n<meta name=\"twitter:card\" content=\"summary_large_image\" \/>\n<meta name=\"twitter:label1\" content=\"Szacowany czas czytania\" \/>\n\t<meta name=\"twitter:data1\" content=\"3 minuty\" \/>\n<script type=\"application\/ld+json\" class=\"yoast-schema-graph\">{\"@context\":\"https:\\\/\\\/schema.org\",\"@graph\":[{\"@type\":\"WebPage\",\"@id\":\"https:\\\/\\\/zielonakaretka.pl\\\/sklep\\\/produkt\\\/cleaner-420\",\"url\":\"https:\\\/\\\/zielonakaretka.pl\\\/sklep\\\/produkt\\\/cleaner-420\",\"name\":\"Cleaner 420FREE - Zielona karetka.pl - sklep z waporyzatorami\",\"isPartOf\":{\"@id\":\"https:\\\/\\\/zielonakaretka.pl\\\/sklep\\\/#website\"},\"primaryImageOfPage\":{\"@id\":\"https:\\\/\\\/zielonakaretka.pl\\\/sklep\\\/produkt\\\/cleaner-420#primaryimage\"},\"image\":{\"@id\":\"https:\\\/\\\/zielonakaretka.pl\\\/sklep\\\/produkt\\\/cleaner-420#primaryimage\"},\"thumbnailUrl\":\"https:\\\/\\\/zielonakaretka.pl\\\/sklep\\\/wp-content\\\/uploads\\\/2024\\\/08\\\/KONKURS.png\",\"datePublished\":\"2024-08-26T21:41:41+00:00\",\"dateModified\":\"2024-08-26T21:46:56+00:00\",\"description\":\"Cleaner 420Free to innowacyjny, w pe\u0142ni naturalny \u015brodek stworzony z my\u015bl\u0105 o u\u017cytkownikach medycznej marihuany. Specjalnie opracowana formu\u0142a skutecznie usuwa pozosta\u0142o\u015bci po waporyzacji i spo\u017cyciu konopi z jamy ustnej, zapewniaj\u0105c \u015bwie\u017cy oddech i higien\u0119. Zawiera wy\u0142\u0105cznie naturalne sk\u0142adniki, kt\u00f3re nie tylko oczyszczaj\u0105, ale tak\u017ce piel\u0119gnuj\u0105 jam\u0119 ustn\u0105, nie powoduj\u0105c podra\u017cnie\u0144. Cleaner 420Free to idealny wyb\u00f3r dla os\u00f3b dbaj\u0105cych o zdrowie i preferuj\u0105cych naturalne rozwi\u0105zania. Sprawd\u017a, jak \u0142atwo mo\u017cesz zadba\u0107 o higien\u0119 po ka\u017cdej sesji z medyczn\u0105 marihuan\u0105!\",\"breadcrumb\":{\"@id\":\"https:\\\/\\\/zielonakaretka.pl\\\/sklep\\\/produkt\\\/cleaner-420#breadcrumb\"},\"inLanguage\":\"pl-PL\",\"potentialAction\":[{\"@type\":\"ReadAction\",\"target\":[\"https:\\\/\\\/zielonakaretka.pl\\\/sklep\\\/produkt\\\/cleaner-420\"]}]},{\"@type\":\"ImageObject\",\"inLanguage\":\"pl-PL\",\"@id\":\"https:\\\/\\\/zielonakaretka.pl\\\/sklep\\\/produkt\\\/cleaner-420#primaryimage\",\"url\":\"https:\\\/\\\/zielonakaretka.pl\\\/sklep\\\/wp-content\\\/uploads\\\/2024\\\/08\\\/KONKURS.png\",\"contentUrl\":\"https:\\\/\\\/zielonakaretka.pl\\\/sklep\\\/wp-content\\\/uploads\\\/2024\\\/08\\\/KONKURS.png\",\"width\":940,\"height\":788},{\"@type\":\"BreadcrumbList\",\"@id\":\"https:\\\/\\\/zielonakaretka.pl\\\/sklep\\\/produkt\\\/cleaner-420#breadcrumb\",\"itemListElement\":[{\"@type\":\"ListItem\",\"position\":1,\"name\":\"Strona g\u0142\u00f3wna\",\"item\":\"https:\\\/\\\/zielonakaretka.pl\\\/sklep\\\/\"},{\"@type\":\"ListItem\",\"position\":2,\"name\":\"Sklep\",\"item\":\"https:\\\/\\\/zielonakaretka.pl\\\/sklep\\\/sklep\"},{\"@type\":\"ListItem\",\"position\":3,\"name\":\"Cleaner 420FREE\"}]},{\"@type\":\"WebSite\",\"@id\":\"https:\\\/\\\/zielonakaretka.pl\\\/sklep\\\/#website\",\"url\":\"https:\\\/\\\/zielonakaretka.pl\\\/sklep\\\/\",\"name\":\"Sklep z olejkami CBD | Lupus CBD - produkty z konopi CBD Vap\",\"description\":\"Sklep z waporyzatorami\",\"potentialAction\":[{\"@type\":\"SearchAction\",\"target\":{\"@type\":\"EntryPoint\",\"urlTemplate\":\"https:\\\/\\\/zielonakaretka.pl\\\/sklep\\\/?s={search_term_string}\"},\"query-input\":{\"@type\":\"PropertyValueSpecification\",\"valueRequired\":true,\"valueName\":\"search_term_string\"}}],\"inLanguage\":\"pl-PL\"}]}<\/script>\n<!-- \/ Yoast SEO plugin. -->","yoast_head_json":{"title":"Cleaner 420FREE - Zielona karetka.pl - sklep z waporyzatorami","description":"Cleaner 420Free to innowacyjny, w pe\u0142ni naturalny \u015brodek stworzony z my\u015bl\u0105 o u\u017cytkownikach medycznej marihuany. Specjalnie opracowana formu\u0142a skutecznie usuwa pozosta\u0142o\u015bci po waporyzacji i spo\u017cyciu konopi z jamy ustnej, zapewniaj\u0105c \u015bwie\u017cy oddech i higien\u0119. Zawiera wy\u0142\u0105cznie naturalne sk\u0142adniki, kt\u00f3re nie tylko oczyszczaj\u0105, ale tak\u017ce piel\u0119gnuj\u0105 jam\u0119 ustn\u0105, nie powoduj\u0105c podra\u017cnie\u0144. Cleaner 420Free to idealny wyb\u00f3r dla os\u00f3b dbaj\u0105cych o zdrowie i preferuj\u0105cych naturalne rozwi\u0105zania. Sprawd\u017a, jak \u0142atwo mo\u017cesz zadba\u0107 o higien\u0119 po ka\u017cdej sesji z medyczn\u0105 marihuan\u0105!","robots":{"index":"index","follow":"follow","max-snippet":"max-snippet:-1","max-image-preview":"max-image-preview:large","max-video-preview":"max-video-preview:-1"},"canonical":"https:\/\/zielonakaretka.pl\/sklep\/produkt\/cleaner-420","og_locale":"pl_PL","og_type":"article","og_title":"Cleaner 420FREE - Zielona karetka.pl - sklep z waporyzatorami","og_description":"Cleaner 420Free to innowacyjny, w pe\u0142ni naturalny \u015brodek stworzony z my\u015bl\u0105 o u\u017cytkownikach medycznej marihuany. Specjalnie opracowana formu\u0142a skutecznie usuwa pozosta\u0142o\u015bci po waporyzacji i spo\u017cyciu konopi z jamy ustnej, zapewniaj\u0105c \u015bwie\u017cy oddech i higien\u0119. Zawiera wy\u0142\u0105cznie naturalne sk\u0142adniki, kt\u00f3re nie tylko oczyszczaj\u0105, ale tak\u017ce piel\u0119gnuj\u0105 jam\u0119 ustn\u0105, nie powoduj\u0105c podra\u017cnie\u0144. Cleaner 420Free to idealny wyb\u00f3r dla os\u00f3b dbaj\u0105cych o zdrowie i preferuj\u0105cych naturalne rozwi\u0105zania. Sprawd\u017a, jak \u0142atwo mo\u017cesz zadba\u0107 o higien\u0119 po ka\u017cdej sesji z medyczn\u0105 marihuan\u0105!","og_url":"https:\/\/zielonakaretka.pl\/sklep\/produkt\/cleaner-420","og_site_name":"Zielona karetka.pl - sklep z waporyzatorami","article_modified_time":"2024-08-26T21:46:56+00:00","og_image":[{"width":940,"height":788,"url":"https:\/\/zielonakaretka.pl\/sklep\/wp-content\/uploads\/2024\/08\/KONKURS.png","type":"image\/png"}],"twitter_card":"summary_large_image","twitter_misc":{"Szacowany czas czytania":"3 minuty"},"schema":{"@context":"https:\/\/schema.org","@graph":[{"@type":"WebPage","@id":"https:\/\/zielonakaretka.pl\/sklep\/produkt\/cleaner-420","url":"https:\/\/zielonakaretka.pl\/sklep\/produkt\/cleaner-420","name":"Cleaner 420FREE - Zielona karetka.pl - sklep z waporyzatorami","isPartOf":{"@id":"https:\/\/zielonakaretka.pl\/sklep\/#website"},"primaryImageOfPage":{"@id":"https:\/\/zielonakaretka.pl\/sklep\/produkt\/cleaner-420#primaryimage"},"image":{"@id":"https:\/\/zielonakaretka.pl\/sklep\/produkt\/cleaner-420#primaryimage"},"thumbnailUrl":"https:\/\/zielonakaretka.pl\/sklep\/wp-content\/uploads\/2024\/08\/KONKURS.png","datePublished":"2024-08-26T21:41:41+00:00","dateModified":"2024-08-26T21:46:56+00:00","description":"Cleaner 420Free to innowacyjny, w pe\u0142ni naturalny \u015brodek stworzony z my\u015bl\u0105 o u\u017cytkownikach medycznej marihuany. Specjalnie opracowana formu\u0142a skutecznie usuwa pozosta\u0142o\u015bci po waporyzacji i spo\u017cyciu konopi z jamy ustnej, zapewniaj\u0105c \u015bwie\u017cy oddech i higien\u0119. Zawiera wy\u0142\u0105cznie naturalne sk\u0142adniki, kt\u00f3re nie tylko oczyszczaj\u0105, ale tak\u017ce piel\u0119gnuj\u0105 jam\u0119 ustn\u0105, nie powoduj\u0105c podra\u017cnie\u0144. Cleaner 420Free to idealny wyb\u00f3r dla os\u00f3b dbaj\u0105cych o zdrowie i preferuj\u0105cych naturalne rozwi\u0105zania. Sprawd\u017a, jak \u0142atwo mo\u017cesz zadba\u0107 o higien\u0119 po ka\u017cdej sesji z medyczn\u0105 marihuan\u0105!","breadcrumb":{"@id":"https:\/\/zielonakaretka.pl\/sklep\/produkt\/cleaner-420#breadcrumb"},"inLanguage":"pl-PL","potentialAction":[{"@type":"ReadAction","target":["https:\/\/zielonakaretka.pl\/sklep\/produkt\/cleaner-420"]}]},{"@type":"ImageObject","inLanguage":"pl-PL","@id":"https:\/\/zielonakaretka.pl\/sklep\/produkt\/cleaner-420#primaryimage","url":"https:\/\/zielonakaretka.pl\/sklep\/wp-content\/uploads\/2024\/08\/KONKURS.png","contentUrl":"https:\/\/zielonakaretka.pl\/sklep\/wp-content\/uploads\/2024\/08\/KONKURS.png","width":940,"height":788},{"@type":"BreadcrumbList","@id":"https:\/\/zielonakaretka.pl\/sklep\/produkt\/cleaner-420#breadcrumb","itemListElement":[{"@type":"ListItem","position":1,"name":"Strona g\u0142\u00f3wna","item":"https:\/\/zielonakaretka.pl\/sklep\/"},{"@type":"ListItem","position":2,"name":"Sklep","item":"https:\/\/zielonakaretka.pl\/sklep\/sklep"},{"@type":"ListItem","position":3,"name":"Cleaner 420FREE"}]},{"@type":"WebSite","@id":"https:\/\/zielonakaretka.pl\/sklep\/#website","url":"https:\/\/zielonakaretka.pl\/sklep\/","name":"Sklep z olejkami CBD | Lupus CBD - produkty z konopi CBD Vap","description":"Sklep z waporyzatorami","potentialAction":[{"@type":"SearchAction","target":{"@type":"EntryPoint","urlTemplate":"https:\/\/zielonakaretka.pl\/sklep\/?s={search_term_string}"},"query-input":{"@type":"PropertyValueSpecification","valueRequired":true,"valueName":"search_term_string"}}],"inLanguage":"pl-PL"}]}},"_links":{"self":[{"href":"https:\/\/zielonakaretka.pl\/sklep\/wp-json\/wp\/v2\/product\/1732","targetHints":{"allow":["GET"]}}],"collection":[{"href":"https:\/\/zielonakaretka.pl\/sklep\/wp-json\/wp\/v2\/product"}],"about":[{"href":"https:\/\/zielonakaretka.pl\/sklep\/wp-json\/wp\/v2\/types\/product"}],"wp:featuredmedia":[{"embeddable":true,"href":"https:\/\/zielonakaretka.pl\/sklep\/wp-json\/wp\/v2\/media\/1733"}],"wp:attachment":[{"href":"https:\/\/zielonakaretka.pl\/sklep\/wp-json\/wp\/v2\/media?parent=1732"}],"wp:term":[{"taxonomy":"product_brand","embeddable":true,"href":"https:\/\/zielonakaretka.pl\/sklep\/wp-json\/wp\/v2\/product_brand?post=1732"},{"taxonomy":"product_cat","embeddable":true,"href":"https:\/\/zielonakaretka.pl\/sklep\/wp-json\/wp\/v2\/product_cat?post=1732"},{"taxonomy":"product_tag","embeddable":true,"href":"https:\/\/zielonakaretka.pl\/sklep\/wp-json\/wp\/v2\/product_tag?post=1732"}],"curies":[{"name":"wp","href":"https:\/\/api.w.org\/{rel}","templated":true}]}}