{"id":1642,"date":"2024-05-20T22:50:24","date_gmt":"2024-05-20T20:50:24","guid":{"rendered":"https:\/\/zielonakaretka.pl\/sklep\/produkt\/x-max-starry-4-0-green"},"modified":"2026-03-06T14:25:15","modified_gmt":"2026-03-06T13:25:15","slug":"x-max-starry-4-0-green","status":"publish","type":"product","link":"https:\/\/zielonakaretka.pl\/sklep\/produkt\/x-max-starry-4-0-green","title":{"rendered":"X-Max Starry 4.0 Green"},"content":{"rendered":"<h2>X-Max Starry 4.0 Green<\/h2>\n<p>Najnowszy model kultowego waporyzatora Starry 3.0. Ju\u017c teraz dost\u0119pny w naszym sklepie.<\/p>\n<p>Waporyzator Starry 4.0 posiada szereg udoskonale\u0144 a najwa\u017cniejsze z nich to:<\/p>\n<p><strong>&#8211; \u0141adowanie przez USB-C<\/strong><\/p>\n<p><strong>&#8211; Regulowany przep\u0142yw powietrza<\/strong><\/p>\n<p><strong>&#8211; Mo\u017cliwo\u015b\u0107 waporyzacji podczas \u0142adowania<\/strong><\/p>\n<p><strong><iframe src=\"https:\/\/www.youtube.com\/embed\/-VvkewJ_VoQ\" width=\"425\" height=\"350\" data-mce-fragment=\"1\"><\/iframe><\/strong><\/p>\n<p>X MAX Starry 4.0 jest dla ka\u017cdego, kto szuka wysokiej jako\u015bci przeno\u015bnego waporyzatora w atrakcyjnej cenie. Pe\u0142na kontrola cyfrowa, kieszonkowy rozmiar, wymienna bateria, dotykowe sprz\u0119\u017cenie zwrotne, magnetyczny ustnik z tlenku cyrkonu i anodowany aluminiowy korpus. Starry zapewnia funkcje, kt\u00f3rych nie widzimy w waporyzatorach za dwa razy wy\u017csz\u0105 cen\u0119.<\/p>\n<p>Sterowanie Starry 4.0 jest bardzo proste i odbywa si\u0119 trzema przyciskami do sterowania w\u0142\u0105czaniem \/ wy\u0142\u0105czaniem, temperatur\u0105, timerem sesji i wy\u015bwietlaczem Celsjusza \/ Fahrenheita. W\u0142\u0105czenie jest tak proste, jak przytrzymanie przycisku zasilania przez trzy sekundy. Ponadto Starry delikatnie brz\u0119czy, aby poinformowa\u0107 Ci\u0119, kiedy osi\u0105gnie temperatur\u0119 parowania.<\/p>\n<p>Ceramiczny ustnik z tlenku cyrkonu jest mocny i super g\u0142adki, dzi\u0119ki czemu zapewnia wygod\u0119 i zachowuje smak.<\/p>\n<p>W tym przedziale cenowym jest wiele waporyzator\u00f3w, ale Starry 4.0 naprawd\u0119 si\u0119 wyr\u00f3\u017cnia. Dzi\u0119ki kieszonkowemu rozmiarowi, doskona\u0142ej jako\u015bci wykonania, wymiennym bateriom i magnetycznemu ustnikowi z cyrkonu ma funkcje, kt\u00f3rych nie znajdziesz w niekt\u00f3rych naszych ulubionych waporyzatorach za ponad dwukrotnie wy\u017csz\u0105 cen\u0119. To naprawd\u0119 jedna z najlepszych warto\u015bci na rynku vape!<\/p>\n<p>Urz\u0105dzenie nie jest przeznaczone do waporyzacji tytoniu i wyrob\u00f3w tytoniowych.<\/p>\n<p>&nbsp;<\/p>\n<p><strong>Cechy produktu:<\/strong><\/p>\n<p>Wy\u015bwietlacz OLED<\/p>\n<p>Pe\u0142ny zakres temperatury: 100\u00b0C &#8211; 240\u00b0C<\/p>\n<p>Nagrzewa si\u0119 bardzo szybko 20 s.<\/p>\n<p>\u017bywotno\u015b\u0107 baterii oko\u0142o 90 min.<\/p>\n<p>Ceramiczna komora<\/p>\n<p>Wymienna bateria &#8211; Li-ion 18650 3,7 V 2550mAh<\/p>\n<p>\u0141adowany za pomoc\u0105 USB TYPU C<\/p>\n<p>Mo\u017ce by\u0107 u\u017cywany podczas \u0142adowania<\/p>\n<p>&nbsp;<\/p>\n<p><strong>W zestawie znajdziemy:<\/strong><\/p>\n<p>X-Max Starry 4.0 Vaporizer<\/p>\n<p>1 ubijak<\/p>\n<p>1 szczoteczka<\/p>\n<p>1 szczypce<\/p>\n<p>1 pad na koncentraty<\/p>\n<p>2 sitka do komor<\/p>\n<p>2 sitka do ustnika<\/p>\n<p>1 filtr-sitko ustnika<\/p>\n<p>2 gumki<\/p>\n<p>1 Kabel USB-C<\/p>\n<p>1 Bateria<\/p>\n","protected":false},"excerpt":{"rendered":"<p>X-Max Starry 4.0 Green Najnowszy model kultowego waporyzatora Starry 3.0. Ju\u017c teraz dost\u0119pny w naszym sklepie. Waporyzator Starry 4.0 posiada szereg udoskonale\u0144 a najwa\u017cniejsze z nich to: &#8211; \u0141adowanie przez USB-C &#8211; Regulowany przep\u0142yw powietrza &#8211; Mo\u017cliwo\u015b\u0107 waporyzacji podczas \u0142adowania X MAX Starry 4.0 jest dla ka\u017cdego, kto szuka wysokiej jako\u015bci przeno\u015bnego waporyzatora w atrakcyjnej [&hellip;]<\/p>\n","protected":false},"featured_media":1643,"template":"","meta":[],"product_brand":[],"product_cat":[29],"product_tag":[],"class_list":{"0":"post-1642","1":"product","2":"type-product","3":"status-publish","4":"has-post-thumbnail","6":"product_cat-waporyzatory","7":"pa_producent-producent","9":"first","10":"instock","11":"purchasable","12":"product-type-simple"},"yoast_head":"<!-- This site is optimized with the Yoast SEO plugin v27.6 - https:\/\/yoast.com\/product\/yoast-seo-wordpress\/ -->\n<title>X-Max Starry 4.0 Green - Zielona karetka.pl - sklep z waporyzatorami<\/title>\n<meta name=\"robots\" content=\"index, follow, max-snippet:-1, max-image-preview:large, max-video-preview:-1\" \/>\n<link rel=\"canonical\" href=\"https:\/\/zielonakaretka.pl\/sklep\/produkt\/x-max-starry-4-0-green\" \/>\n<meta property=\"og:locale\" content=\"pl_PL\" \/>\n<meta property=\"og:type\" content=\"article\" \/>\n<meta property=\"og:title\" content=\"X-Max Starry 4.0 Green - Zielona karetka.pl - sklep z waporyzatorami\" \/>\n<meta property=\"og:description\" content=\"X-Max Starry 4.0 Green Najnowszy model kultowego waporyzatora Starry 3.0. Ju\u017c teraz dost\u0119pny w naszym sklepie. Waporyzator Starry 4.0 posiada szereg udoskonale\u0144 a najwa\u017cniejsze z nich to: &#8211; \u0141adowanie przez USB-C &#8211; Regulowany przep\u0142yw powietrza &#8211; Mo\u017cliwo\u015b\u0107 waporyzacji podczas \u0142adowania X MAX Starry 4.0 jest dla ka\u017cdego, kto szuka wysokiej jako\u015bci przeno\u015bnego waporyzatora w atrakcyjnej [&hellip;]\" \/>\n<meta property=\"og:url\" content=\"https:\/\/zielonakaretka.pl\/sklep\/produkt\/x-max-starry-4-0-green\" \/>\n<meta property=\"og:site_name\" content=\"Zielona karetka.pl - sklep z waporyzatorami\" \/>\n<meta property=\"article:modified_time\" content=\"2026-03-06T13:25:15+00:00\" \/>\n<meta property=\"og:image\" content=\"https:\/\/zielonakaretka.pl\/sklep\/wp-content\/uploads\/2024\/05\/x-max-starry-40-green.jpg\" \/>\n\t<meta property=\"og:image:width\" content=\"900\" \/>\n\t<meta property=\"og:image:height\" content=\"900\" \/>\n\t<meta property=\"og:image:type\" content=\"image\/jpeg\" \/>\n<meta name=\"twitter:card\" content=\"summary_large_image\" \/>\n<meta name=\"twitter:label1\" content=\"Szacowany czas czytania\" \/>\n\t<meta name=\"twitter:data1\" content=\"2 minuty\" \/>\n<script type=\"application\/ld+json\" class=\"yoast-schema-graph\">{\"@context\":\"https:\\\/\\\/schema.org\",\"@graph\":[{\"@type\":\"WebPage\",\"@id\":\"https:\\\/\\\/zielonakaretka.pl\\\/sklep\\\/produkt\\\/x-max-starry-4-0-green\",\"url\":\"https:\\\/\\\/zielonakaretka.pl\\\/sklep\\\/produkt\\\/x-max-starry-4-0-green\",\"name\":\"X-Max Starry 4.0 Green - Zielona karetka.pl - sklep z waporyzatorami\",\"isPartOf\":{\"@id\":\"https:\\\/\\\/zielonakaretka.pl\\\/sklep\\\/#website\"},\"primaryImageOfPage\":{\"@id\":\"https:\\\/\\\/zielonakaretka.pl\\\/sklep\\\/produkt\\\/x-max-starry-4-0-green#primaryimage\"},\"image\":{\"@id\":\"https:\\\/\\\/zielonakaretka.pl\\\/sklep\\\/produkt\\\/x-max-starry-4-0-green#primaryimage\"},\"thumbnailUrl\":\"https:\\\/\\\/zielonakaretka.pl\\\/sklep\\\/wp-content\\\/uploads\\\/2024\\\/05\\\/x-max-starry-40-green.jpg\",\"datePublished\":\"2024-05-20T20:50:24+00:00\",\"dateModified\":\"2026-03-06T13:25:15+00:00\",\"breadcrumb\":{\"@id\":\"https:\\\/\\\/zielonakaretka.pl\\\/sklep\\\/produkt\\\/x-max-starry-4-0-green#breadcrumb\"},\"inLanguage\":\"pl-PL\",\"potentialAction\":[{\"@type\":\"ReadAction\",\"target\":[\"https:\\\/\\\/zielonakaretka.pl\\\/sklep\\\/produkt\\\/x-max-starry-4-0-green\"]}]},{\"@type\":\"ImageObject\",\"inLanguage\":\"pl-PL\",\"@id\":\"https:\\\/\\\/zielonakaretka.pl\\\/sklep\\\/produkt\\\/x-max-starry-4-0-green#primaryimage\",\"url\":\"https:\\\/\\\/zielonakaretka.pl\\\/sklep\\\/wp-content\\\/uploads\\\/2024\\\/05\\\/x-max-starry-40-green.jpg\",\"contentUrl\":\"https:\\\/\\\/zielonakaretka.pl\\\/sklep\\\/wp-content\\\/uploads\\\/2024\\\/05\\\/x-max-starry-40-green.jpg\",\"width\":900,\"height\":900},{\"@type\":\"BreadcrumbList\",\"@id\":\"https:\\\/\\\/zielonakaretka.pl\\\/sklep\\\/produkt\\\/x-max-starry-4-0-green#breadcrumb\",\"itemListElement\":[{\"@type\":\"ListItem\",\"position\":1,\"name\":\"Strona g\u0142\u00f3wna\",\"item\":\"https:\\\/\\\/zielonakaretka.pl\\\/sklep\\\/\"},{\"@type\":\"ListItem\",\"position\":2,\"name\":\"Sklep\",\"item\":\"https:\\\/\\\/zielonakaretka.pl\\\/sklep\\\/sklep\"},{\"@type\":\"ListItem\",\"position\":3,\"name\":\"X-Max Starry 4.0 Green\"}]},{\"@type\":\"WebSite\",\"@id\":\"https:\\\/\\\/zielonakaretka.pl\\\/sklep\\\/#website\",\"url\":\"https:\\\/\\\/zielonakaretka.pl\\\/sklep\\\/\",\"name\":\"Sklep z olejkami CBD | Lupus CBD - produkty z konopi CBD Vap\",\"description\":\"Sklep z waporyzatorami\",\"potentialAction\":[{\"@type\":\"SearchAction\",\"target\":{\"@type\":\"EntryPoint\",\"urlTemplate\":\"https:\\\/\\\/zielonakaretka.pl\\\/sklep\\\/?s={search_term_string}\"},\"query-input\":{\"@type\":\"PropertyValueSpecification\",\"valueRequired\":true,\"valueName\":\"search_term_string\"}}],\"inLanguage\":\"pl-PL\"}]}<\/script>\n<!-- \/ Yoast SEO plugin. -->","yoast_head_json":{"title":"X-Max Starry 4.0 Green - Zielona karetka.pl - sklep z waporyzatorami","robots":{"index":"index","follow":"follow","max-snippet":"max-snippet:-1","max-image-preview":"max-image-preview:large","max-video-preview":"max-video-preview:-1"},"canonical":"https:\/\/zielonakaretka.pl\/sklep\/produkt\/x-max-starry-4-0-green","og_locale":"pl_PL","og_type":"article","og_title":"X-Max Starry 4.0 Green - Zielona karetka.pl - sklep z waporyzatorami","og_description":"X-Max Starry 4.0 Green Najnowszy model kultowego waporyzatora Starry 3.0. Ju\u017c teraz dost\u0119pny w naszym sklepie. Waporyzator Starry 4.0 posiada szereg udoskonale\u0144 a najwa\u017cniejsze z nich to: &#8211; \u0141adowanie przez USB-C &#8211; Regulowany przep\u0142yw powietrza &#8211; Mo\u017cliwo\u015b\u0107 waporyzacji podczas \u0142adowania X MAX Starry 4.0 jest dla ka\u017cdego, kto szuka wysokiej jako\u015bci przeno\u015bnego waporyzatora w atrakcyjnej [&hellip;]","og_url":"https:\/\/zielonakaretka.pl\/sklep\/produkt\/x-max-starry-4-0-green","og_site_name":"Zielona karetka.pl - sklep z waporyzatorami","article_modified_time":"2026-03-06T13:25:15+00:00","og_image":[{"width":900,"height":900,"url":"https:\/\/zielonakaretka.pl\/sklep\/wp-content\/uploads\/2024\/05\/x-max-starry-40-green.jpg","type":"image\/jpeg"}],"twitter_card":"summary_large_image","twitter_misc":{"Szacowany czas czytania":"2 minuty"},"schema":{"@context":"https:\/\/schema.org","@graph":[{"@type":"WebPage","@id":"https:\/\/zielonakaretka.pl\/sklep\/produkt\/x-max-starry-4-0-green","url":"https:\/\/zielonakaretka.pl\/sklep\/produkt\/x-max-starry-4-0-green","name":"X-Max Starry 4.0 Green - Zielona karetka.pl - sklep z waporyzatorami","isPartOf":{"@id":"https:\/\/zielonakaretka.pl\/sklep\/#website"},"primaryImageOfPage":{"@id":"https:\/\/zielonakaretka.pl\/sklep\/produkt\/x-max-starry-4-0-green#primaryimage"},"image":{"@id":"https:\/\/zielonakaretka.pl\/sklep\/produkt\/x-max-starry-4-0-green#primaryimage"},"thumbnailUrl":"https:\/\/zielonakaretka.pl\/sklep\/wp-content\/uploads\/2024\/05\/x-max-starry-40-green.jpg","datePublished":"2024-05-20T20:50:24+00:00","dateModified":"2026-03-06T13:25:15+00:00","breadcrumb":{"@id":"https:\/\/zielonakaretka.pl\/sklep\/produkt\/x-max-starry-4-0-green#breadcrumb"},"inLanguage":"pl-PL","potentialAction":[{"@type":"ReadAction","target":["https:\/\/zielonakaretka.pl\/sklep\/produkt\/x-max-starry-4-0-green"]}]},{"@type":"ImageObject","inLanguage":"pl-PL","@id":"https:\/\/zielonakaretka.pl\/sklep\/produkt\/x-max-starry-4-0-green#primaryimage","url":"https:\/\/zielonakaretka.pl\/sklep\/wp-content\/uploads\/2024\/05\/x-max-starry-40-green.jpg","contentUrl":"https:\/\/zielonakaretka.pl\/sklep\/wp-content\/uploads\/2024\/05\/x-max-starry-40-green.jpg","width":900,"height":900},{"@type":"BreadcrumbList","@id":"https:\/\/zielonakaretka.pl\/sklep\/produkt\/x-max-starry-4-0-green#breadcrumb","itemListElement":[{"@type":"ListItem","position":1,"name":"Strona g\u0142\u00f3wna","item":"https:\/\/zielonakaretka.pl\/sklep\/"},{"@type":"ListItem","position":2,"name":"Sklep","item":"https:\/\/zielonakaretka.pl\/sklep\/sklep"},{"@type":"ListItem","position":3,"name":"X-Max Starry 4.0 Green"}]},{"@type":"WebSite","@id":"https:\/\/zielonakaretka.pl\/sklep\/#website","url":"https:\/\/zielonakaretka.pl\/sklep\/","name":"Sklep z olejkami CBD | Lupus CBD - produkty z konopi CBD Vap","description":"Sklep z waporyzatorami","potentialAction":[{"@type":"SearchAction","target":{"@type":"EntryPoint","urlTemplate":"https:\/\/zielonakaretka.pl\/sklep\/?s={search_term_string}"},"query-input":{"@type":"PropertyValueSpecification","valueRequired":true,"valueName":"search_term_string"}}],"inLanguage":"pl-PL"}]}},"_links":{"self":[{"href":"https:\/\/zielonakaretka.pl\/sklep\/wp-json\/wp\/v2\/product\/1642","targetHints":{"allow":["GET"]}}],"collection":[{"href":"https:\/\/zielonakaretka.pl\/sklep\/wp-json\/wp\/v2\/product"}],"about":[{"href":"https:\/\/zielonakaretka.pl\/sklep\/wp-json\/wp\/v2\/types\/product"}],"wp:featuredmedia":[{"embeddable":true,"href":"https:\/\/zielonakaretka.pl\/sklep\/wp-json\/wp\/v2\/media\/1643"}],"wp:attachment":[{"href":"https:\/\/zielonakaretka.pl\/sklep\/wp-json\/wp\/v2\/media?parent=1642"}],"wp:term":[{"taxonomy":"product_brand","embeddable":true,"href":"https:\/\/zielonakaretka.pl\/sklep\/wp-json\/wp\/v2\/product_brand?post=1642"},{"taxonomy":"product_cat","embeddable":true,"href":"https:\/\/zielonakaretka.pl\/sklep\/wp-json\/wp\/v2\/product_cat?post=1642"},{"taxonomy":"product_tag","embeddable":true,"href":"https:\/\/zielonakaretka.pl\/sklep\/wp-json\/wp\/v2\/product_tag?post=1642"}],"curies":[{"name":"wp","href":"https:\/\/api.w.org\/{rel}","templated":true}]}}