{"id":1640,"date":"2024-05-20T22:50:24","date_gmt":"2024-05-20T20:50:24","guid":{"rendered":"https:\/\/zielonakaretka.pl\/sklep\/produkt\/hero-tyris-waporyzator"},"modified":"2026-04-24T11:29:29","modified_gmt":"2026-04-24T09:29:29","slug":"hero-tyris-waporyzator","status":"publish","type":"product","link":"https:\/\/zielonakaretka.pl\/sklep\/produkt\/hero-tyris-waporyzator","title":{"rendered":"HERO Tyris waporyzator"},"content":{"rendered":"<h2>HERO Tyris<\/h2>\n<p>Waporyzator HERO Tyris umo\u017cliwia odparowanie suszu konopnego metod\u0105 hybrydow\u0105 co oznacza ogrzewanie konwekcyjne oraz kondukcyjne. Dzi\u0119ki temu uzyskuje si\u0119 zr\u00f3wnowa\u017cone ogrzewanie i delikatne odparowanie zi\u00f3\u0142, co tak na prawd\u0119 wp\u0142ywa na wydajno\u015b\u0107 waporyzatora HERO Tyris.<\/p>\n<p><strong>Hero Tyris: Nowoczesny waporyzator do zi\u00f3\u0142!<\/strong><\/p>\n<p>W dzisiejszych czasach waporyzacja sta\u0142a si\u0119 popularn\u0105 alternatyw\u0105 dla tradycyjnego palenia zi\u00f3\u0142 czy suszu konopnego. Waporyzatory do zi\u00f3\u0142 zapewniaj\u0105 u\u017cytkownikom czyst\u0105 i smaczn\u0105 inhalacje swoich ulubionych zi\u00f3\u0142, bez szkodliwych substancji, kt\u00f3re s\u0105 obecne w tradycyjnym dymie powsta\u0142ym podczas palenia. Jednym z najnowszych waporyzator\u00f3w na rynku jest waporyzator Hero Tyris. Ten innowacyjny waporyzator od polskiego producenta \u2013 Hero, zosta\u0142 zaprojektowany z my\u015bl\u0105 o wygodzie i efektywno\u015bci, oferuj\u0105c wiele zalet, kt\u00f3rych inne dost\u0119pne na rynku waporyzatory po prostu nie posiadaj\u0105. Przejd\u017amy zatem do szczeg\u00f3\u0142owego om\u00f3wienia tego urz\u0105dzenia.<\/p>\n<p><strong>Unikalna konstrukcja zapewniaj\u0105ca czyst\u0105 i smaczn\u0105 par\u0119<\/strong><\/p>\n<p>Jedn\u0105 z najwa\u017cniejszych cech waporyzatora do zi\u00f3\u0142 Hero Tyris jest unikalny szklany ustnik, kt\u00f3ry zapobiega ucieczce pary , jednocze\u015bnie umo\u017cliwiaj\u0105c przep\u0142yw czystej i smakowitej pary z zi\u00f3\u0142. Kompozycja filtr\u00f3w w waporyzatorze Hero Tyris sprawia, \u017ce ich czyszczenie i usuwanie pozosta\u0142o\u015bci jest szybsze i \u0142atwiejsze, nie wp\u0142ywaj\u0105c przy tym na wydajno\u015b\u0107 ani smak. Dzi\u0119ki temu u\u017cytkownicy mog\u0105 cieszy\u0107 si\u0119 d\u0142u\u017cej trwa\u0142ym zapasem suszu konopnego, co jest niezwykle praktyczne i ekonomiczne min. dla u\u017cytkownik\u00f3w medycznej marihuany.<\/p>\n<p><strong>Zaawansowana metoda hybrydowego podgrzewania<\/strong><\/p>\n<p>Waporyzator Hero Tyris wykorzystuje zaawansowan\u0105 metod\u0119 hybrydowego podgrzewania, kt\u00f3ra korzysta z wi\u0119kszej liczby \u017ar\u00f3de\u0142 ciep\u0142a do podgrzewania suszu konopnego w komorze grzewczej. Dzi\u0119ki temu proces jest bardziej efektywny, a inhalowane opary z zi\u00f3\u0142 s\u0105 bardziej smakowite. Samo urz\u0105dzenie natomiast potrzebuje zaledwie 25 sekund aby by\u0107 gotowym do pracy. To zapewnia u\u017cytkownikom wiele korzy\u015bci, kt\u00f3rych tradycyjne waporyzatory do zi\u00f3\u0142 po prostu nie oferuj\u0105. Susz konopny utrzymuje swoje w\u0142a\u015bciwo\u015bci na d\u0142u\u017cej, pozwalaj\u0105c u\u017cytkownikom na d\u0142u\u017csze i bardziej satysfakcjonuj\u0105ce sesje waporyzacji z urz\u0105dzeniem Hero Tyris.<\/p>\n<p><strong>Technologia Intellisense i szklany ustnik dla wi\u0119kszego komfortu<\/strong><\/p>\n<p>Waporyzator do zi\u00f3\u0142 Hero Tyris zosta\u0142 zaprojektowany z my\u015bl\u0105 o maksymalnym komforcie u\u017cytkowania. Jego wyj\u0105tkowy prosty szklany ustnik, jest ergonomiczny i zapewnia u\u017cytkownikom wygod\u0119 podczas waporyzacji zi\u00f3\u0142. Ponadto, waporyzator Hero Tyris dostarcza czyste i smaczne opary, bez nieprzyjemnych domieszek, kt\u00f3re mog\u0105 wyst\u0119powa\u0107 podczas tradycyjnego palenia. Wystarczy poci\u0105gn\u0105\u0107 za ustnik, a czujniki pobudzaj\u0105 elementy grzejne, aby uzyska\u0107 g\u0119stsz\u0105 i intensywniejsz\u0105 par\u0119! Urz\u0105dzenie zosta\u0142o wyposa\u017cone r\u00f3wnie\u017c w czujniki Intellisense, kt\u00f3re na podstawie przep\u0142ywu powietrza wykrywaj\u0105, kiedy waporyzator Hero Tyris jest u\u017cywany. To sprawia, \u017ce korzystanie z Hero Tyris jest nie tylko przyjemne, ale tak\u017ce bezpieczne dla zdrowia.<\/p>\n<p><strong>Dodatkowe informacje<\/strong><\/p>\n<p>Waporyzator Hero Tyris jest dost\u0119pny w naszym sklepie online i stacjonarnym. Przed zakupem warto zapozna\u0107 si\u0119 z opisem i specyfikacj\u0105, aby upewni\u0107 si\u0119, \u017ce spe\u0142ni nasze oczekiwania. Waporyzator do zi\u00f3\u0142 Hero Tyris jest produktem wysokiej jako\u015bci, kt\u00f3ry oferuje doskona\u0142\u0105 wydajno\u015b\u0107 i trwa\u0142o\u015b\u0107. Dzi\u0119ki swojej innowacyjnej konstrukcji i zaawansowanym funkcjom, jest to doskona\u0142y wyb\u00f3r dla ka\u017cdego, kto szuka wygodnej i efektywnej metody waporyzacji swoich ulubionych zi\u00f3\u0142.<\/p>\n<p><strong>Podsumowanie<\/strong><\/p>\n<p>Waporyzator do zi\u00f3\u0142 Hero Tyris to nowa era waporyzacji. Dzi\u0119ki unikalnym filtrom, zaawansowanej metodzie podw\u00f3jnego podgrzewania suszu konopnego i wygodnemu szklanemu ustnikowi, ten waporyzator zapewnia u\u017cytkownikom czyste i smaczne opary, bez szkodliwych substancji obecnych w normalnym dymie. Dzi\u0119ki doskona\u0142ej specyfikacji technicznej i solidnej konstrukcji, Hero Tyris jest gotowy do d\u0142ugotrwa\u0142ego u\u017cytkowania. Je\u015bli szukasz innowacyjnej i wydajnej metody waporyzacji, waporyzator Hero Tyris jest odpowiednim wyborem dla Ciebie. Przekonaj si\u0119 sam i do\u0142\u0105cz do nowej ery waporyzacji!<\/p>\n<p><iframe src=\"https:\/\/www.youtube.com\/embed\/3L9M5_cfRtE\" width=\"550\" height=\"350\" data-mce-fragment=\"1\"><\/iframe><\/p>\n<p><strong>HERO Tyris zawiera:<\/strong><\/p>\n<ul>\n<li>Waporyzator Hero Tyris<\/li>\n<li>Zestaw do czyszczenia<\/li>\n<li>Ubijak<\/li>\n<li>Zapasowe sitka x 2<\/li>\n<li>Kabel USB typu C<\/li>\n<li>Instrukcja obs\u0142ugi<\/li>\n<\/ul>\n<p><strong>Specyfikacja:<\/strong><\/p>\n<ul>\n<li>Model Tyris<\/li>\n<li>Podgrzewanie Hybrydowe<\/li>\n<li>Komora grzewcza ze stali nierdzewnej klasy medycznej<\/li>\n<li>Zakres temperatury 160-240<span class=\"explained-block mrg-bot-1rem\">\u00b0C<\/span><\/li>\n<li><span class=\"explained-block mrg-bot-1rem\">Pojemno\u015b\u0107 komory 0,3g<\/span><\/li>\n<li><span class=\"explained-block mrg-bot-1rem\">Pojemno\u015b\u0107 baterii 2300mAh<\/span><\/li>\n<li><span class=\"explained-block mrg-bot-1rem\">Wymiary urz\u0105dzenia 30&#215;30,5x125mm<\/span><\/li>\n<li><span class=\"explained-block mrg-bot-1rem\">Waga 135g<\/span><\/li>\n<\/ul>\n","protected":false},"excerpt":{"rendered":"<p>HERO Tyris Waporyzator HERO Tyris umo\u017cliwia odparowanie suszu konopnego metod\u0105 hybrydow\u0105 co oznacza ogrzewanie konwekcyjne oraz kondukcyjne. Dzi\u0119ki temu uzyskuje si\u0119 zr\u00f3wnowa\u017cone ogrzewanie i delikatne odparowanie zi\u00f3\u0142, co tak na prawd\u0119 wp\u0142ywa na wydajno\u015b\u0107 waporyzatora HERO Tyris. Hero Tyris: Nowoczesny waporyzator do zi\u00f3\u0142! W dzisiejszych czasach waporyzacja sta\u0142a si\u0119 popularn\u0105 alternatyw\u0105 dla tradycyjnego palenia zi\u00f3\u0142 [&hellip;]<\/p>\n","protected":false},"featured_media":1641,"template":"","meta":[],"product_brand":[],"product_cat":[29],"product_tag":[],"class_list":{"0":"post-1640","1":"product","2":"type-product","3":"status-publish","4":"has-post-thumbnail","6":"product_cat-waporyzatory","7":"pa_producent-producent","9":"first","10":"instock","11":"purchasable","12":"product-type-simple"},"yoast_head":"<!-- This site is optimized with the Yoast SEO plugin v27.4 - https:\/\/yoast.com\/product\/yoast-seo-wordpress\/ -->\n<title>HERO Tyris waporyzator - Zielona karetka.pl - sklep z waporyzatorami<\/title>\n<meta name=\"robots\" content=\"index, follow, max-snippet:-1, max-image-preview:large, max-video-preview:-1\" \/>\n<link rel=\"canonical\" href=\"https:\/\/zielonakaretka.pl\/sklep\/produkt\/hero-tyris-waporyzator\" \/>\n<meta property=\"og:locale\" content=\"pl_PL\" \/>\n<meta property=\"og:type\" content=\"article\" \/>\n<meta property=\"og:title\" content=\"HERO Tyris waporyzator - Zielona karetka.pl - sklep z waporyzatorami\" \/>\n<meta property=\"og:description\" content=\"HERO Tyris Waporyzator HERO Tyris umo\u017cliwia odparowanie suszu konopnego metod\u0105 hybrydow\u0105 co oznacza ogrzewanie konwekcyjne oraz kondukcyjne. Dzi\u0119ki temu uzyskuje si\u0119 zr\u00f3wnowa\u017cone ogrzewanie i delikatne odparowanie zi\u00f3\u0142, co tak na prawd\u0119 wp\u0142ywa na wydajno\u015b\u0107 waporyzatora HERO Tyris. Hero Tyris: Nowoczesny waporyzator do zi\u00f3\u0142! W dzisiejszych czasach waporyzacja sta\u0142a si\u0119 popularn\u0105 alternatyw\u0105 dla tradycyjnego palenia zi\u00f3\u0142 [&hellip;]\" \/>\n<meta property=\"og:url\" content=\"https:\/\/zielonakaretka.pl\/sklep\/produkt\/hero-tyris-waporyzator\" \/>\n<meta property=\"og:site_name\" content=\"Zielona karetka.pl - sklep z waporyzatorami\" \/>\n<meta property=\"article:modified_time\" content=\"2026-04-24T09:29:29+00:00\" \/>\n<meta property=\"og:image\" content=\"https:\/\/zielonakaretka.pl\/sklep\/wp-content\/uploads\/2024\/05\/hero-tyris-waporyzator.jpg\" \/>\n\t<meta property=\"og:image:width\" content=\"900\" \/>\n\t<meta property=\"og:image:height\" content=\"900\" \/>\n\t<meta property=\"og:image:type\" content=\"image\/webp\" \/>\n<meta name=\"twitter:card\" content=\"summary_large_image\" \/>\n<meta name=\"twitter:label1\" content=\"Szacowany czas czytania\" \/>\n\t<meta name=\"twitter:data1\" content=\"3 minuty\" \/>\n<script type=\"application\/ld+json\" class=\"yoast-schema-graph\">{\"@context\":\"https:\\\/\\\/schema.org\",\"@graph\":[{\"@type\":\"WebPage\",\"@id\":\"https:\\\/\\\/zielonakaretka.pl\\\/sklep\\\/produkt\\\/hero-tyris-waporyzator\",\"url\":\"https:\\\/\\\/zielonakaretka.pl\\\/sklep\\\/produkt\\\/hero-tyris-waporyzator\",\"name\":\"HERO Tyris waporyzator - Zielona karetka.pl - sklep z waporyzatorami\",\"isPartOf\":{\"@id\":\"https:\\\/\\\/zielonakaretka.pl\\\/sklep\\\/#website\"},\"primaryImageOfPage\":{\"@id\":\"https:\\\/\\\/zielonakaretka.pl\\\/sklep\\\/produkt\\\/hero-tyris-waporyzator#primaryimage\"},\"image\":{\"@id\":\"https:\\\/\\\/zielonakaretka.pl\\\/sklep\\\/produkt\\\/hero-tyris-waporyzator#primaryimage\"},\"thumbnailUrl\":\"https:\\\/\\\/zielonakaretka.pl\\\/sklep\\\/wp-content\\\/uploads\\\/2024\\\/05\\\/hero-tyris-waporyzator.jpg\",\"datePublished\":\"2024-05-20T20:50:24+00:00\",\"dateModified\":\"2026-04-24T09:29:29+00:00\",\"breadcrumb\":{\"@id\":\"https:\\\/\\\/zielonakaretka.pl\\\/sklep\\\/produkt\\\/hero-tyris-waporyzator#breadcrumb\"},\"inLanguage\":\"pl-PL\",\"potentialAction\":[{\"@type\":\"ReadAction\",\"target\":[\"https:\\\/\\\/zielonakaretka.pl\\\/sklep\\\/produkt\\\/hero-tyris-waporyzator\"]}]},{\"@type\":\"ImageObject\",\"inLanguage\":\"pl-PL\",\"@id\":\"https:\\\/\\\/zielonakaretka.pl\\\/sklep\\\/produkt\\\/hero-tyris-waporyzator#primaryimage\",\"url\":\"https:\\\/\\\/zielonakaretka.pl\\\/sklep\\\/wp-content\\\/uploads\\\/2024\\\/05\\\/hero-tyris-waporyzator.jpg\",\"contentUrl\":\"https:\\\/\\\/zielonakaretka.pl\\\/sklep\\\/wp-content\\\/uploads\\\/2024\\\/05\\\/hero-tyris-waporyzator.jpg\",\"width\":900,\"height\":900},{\"@type\":\"BreadcrumbList\",\"@id\":\"https:\\\/\\\/zielonakaretka.pl\\\/sklep\\\/produkt\\\/hero-tyris-waporyzator#breadcrumb\",\"itemListElement\":[{\"@type\":\"ListItem\",\"position\":1,\"name\":\"Strona g\u0142\u00f3wna\",\"item\":\"https:\\\/\\\/zielonakaretka.pl\\\/sklep\\\/\"},{\"@type\":\"ListItem\",\"position\":2,\"name\":\"Sklep\",\"item\":\"https:\\\/\\\/zielonakaretka.pl\\\/sklep\\\/sklep\"},{\"@type\":\"ListItem\",\"position\":3,\"name\":\"HERO Tyris waporyzator\"}]},{\"@type\":\"WebSite\",\"@id\":\"https:\\\/\\\/zielonakaretka.pl\\\/sklep\\\/#website\",\"url\":\"https:\\\/\\\/zielonakaretka.pl\\\/sklep\\\/\",\"name\":\"Sklep z olejkami CBD | Lupus CBD - produkty z konopi CBD Vap\",\"description\":\"Sklep z waporyzatorami\",\"potentialAction\":[{\"@type\":\"SearchAction\",\"target\":{\"@type\":\"EntryPoint\",\"urlTemplate\":\"https:\\\/\\\/zielonakaretka.pl\\\/sklep\\\/?s={search_term_string}\"},\"query-input\":{\"@type\":\"PropertyValueSpecification\",\"valueRequired\":true,\"valueName\":\"search_term_string\"}}],\"inLanguage\":\"pl-PL\"}]}<\/script>\n<!-- \/ Yoast SEO plugin. -->","yoast_head_json":{"title":"HERO Tyris waporyzator - Zielona karetka.pl - sklep z waporyzatorami","robots":{"index":"index","follow":"follow","max-snippet":"max-snippet:-1","max-image-preview":"max-image-preview:large","max-video-preview":"max-video-preview:-1"},"canonical":"https:\/\/zielonakaretka.pl\/sklep\/produkt\/hero-tyris-waporyzator","og_locale":"pl_PL","og_type":"article","og_title":"HERO Tyris waporyzator - Zielona karetka.pl - sklep z waporyzatorami","og_description":"HERO Tyris Waporyzator HERO Tyris umo\u017cliwia odparowanie suszu konopnego metod\u0105 hybrydow\u0105 co oznacza ogrzewanie konwekcyjne oraz kondukcyjne. Dzi\u0119ki temu uzyskuje si\u0119 zr\u00f3wnowa\u017cone ogrzewanie i delikatne odparowanie zi\u00f3\u0142, co tak na prawd\u0119 wp\u0142ywa na wydajno\u015b\u0107 waporyzatora HERO Tyris. Hero Tyris: Nowoczesny waporyzator do zi\u00f3\u0142! W dzisiejszych czasach waporyzacja sta\u0142a si\u0119 popularn\u0105 alternatyw\u0105 dla tradycyjnego palenia zi\u00f3\u0142 [&hellip;]","og_url":"https:\/\/zielonakaretka.pl\/sklep\/produkt\/hero-tyris-waporyzator","og_site_name":"Zielona karetka.pl - sklep z waporyzatorami","article_modified_time":"2026-04-24T09:29:29+00:00","og_image":[{"width":900,"height":900,"url":"https:\/\/zielonakaretka.pl\/sklep\/wp-content\/uploads\/2024\/05\/hero-tyris-waporyzator.jpg","type":"image\/webp"}],"twitter_card":"summary_large_image","twitter_misc":{"Szacowany czas czytania":"3 minuty"},"schema":{"@context":"https:\/\/schema.org","@graph":[{"@type":"WebPage","@id":"https:\/\/zielonakaretka.pl\/sklep\/produkt\/hero-tyris-waporyzator","url":"https:\/\/zielonakaretka.pl\/sklep\/produkt\/hero-tyris-waporyzator","name":"HERO Tyris waporyzator - Zielona karetka.pl - sklep z waporyzatorami","isPartOf":{"@id":"https:\/\/zielonakaretka.pl\/sklep\/#website"},"primaryImageOfPage":{"@id":"https:\/\/zielonakaretka.pl\/sklep\/produkt\/hero-tyris-waporyzator#primaryimage"},"image":{"@id":"https:\/\/zielonakaretka.pl\/sklep\/produkt\/hero-tyris-waporyzator#primaryimage"},"thumbnailUrl":"https:\/\/zielonakaretka.pl\/sklep\/wp-content\/uploads\/2024\/05\/hero-tyris-waporyzator.jpg","datePublished":"2024-05-20T20:50:24+00:00","dateModified":"2026-04-24T09:29:29+00:00","breadcrumb":{"@id":"https:\/\/zielonakaretka.pl\/sklep\/produkt\/hero-tyris-waporyzator#breadcrumb"},"inLanguage":"pl-PL","potentialAction":[{"@type":"ReadAction","target":["https:\/\/zielonakaretka.pl\/sklep\/produkt\/hero-tyris-waporyzator"]}]},{"@type":"ImageObject","inLanguage":"pl-PL","@id":"https:\/\/zielonakaretka.pl\/sklep\/produkt\/hero-tyris-waporyzator#primaryimage","url":"https:\/\/zielonakaretka.pl\/sklep\/wp-content\/uploads\/2024\/05\/hero-tyris-waporyzator.jpg","contentUrl":"https:\/\/zielonakaretka.pl\/sklep\/wp-content\/uploads\/2024\/05\/hero-tyris-waporyzator.jpg","width":900,"height":900},{"@type":"BreadcrumbList","@id":"https:\/\/zielonakaretka.pl\/sklep\/produkt\/hero-tyris-waporyzator#breadcrumb","itemListElement":[{"@type":"ListItem","position":1,"name":"Strona g\u0142\u00f3wna","item":"https:\/\/zielonakaretka.pl\/sklep\/"},{"@type":"ListItem","position":2,"name":"Sklep","item":"https:\/\/zielonakaretka.pl\/sklep\/sklep"},{"@type":"ListItem","position":3,"name":"HERO Tyris waporyzator"}]},{"@type":"WebSite","@id":"https:\/\/zielonakaretka.pl\/sklep\/#website","url":"https:\/\/zielonakaretka.pl\/sklep\/","name":"Sklep z olejkami CBD | Lupus CBD - produkty z konopi CBD Vap","description":"Sklep z waporyzatorami","potentialAction":[{"@type":"SearchAction","target":{"@type":"EntryPoint","urlTemplate":"https:\/\/zielonakaretka.pl\/sklep\/?s={search_term_string}"},"query-input":{"@type":"PropertyValueSpecification","valueRequired":true,"valueName":"search_term_string"}}],"inLanguage":"pl-PL"}]}},"_links":{"self":[{"href":"https:\/\/zielonakaretka.pl\/sklep\/wp-json\/wp\/v2\/product\/1640","targetHints":{"allow":["GET"]}}],"collection":[{"href":"https:\/\/zielonakaretka.pl\/sklep\/wp-json\/wp\/v2\/product"}],"about":[{"href":"https:\/\/zielonakaretka.pl\/sklep\/wp-json\/wp\/v2\/types\/product"}],"wp:featuredmedia":[{"embeddable":true,"href":"https:\/\/zielonakaretka.pl\/sklep\/wp-json\/wp\/v2\/media\/1641"}],"wp:attachment":[{"href":"https:\/\/zielonakaretka.pl\/sklep\/wp-json\/wp\/v2\/media?parent=1640"}],"wp:term":[{"taxonomy":"product_brand","embeddable":true,"href":"https:\/\/zielonakaretka.pl\/sklep\/wp-json\/wp\/v2\/product_brand?post=1640"},{"taxonomy":"product_cat","embeddable":true,"href":"https:\/\/zielonakaretka.pl\/sklep\/wp-json\/wp\/v2\/product_cat?post=1640"},{"taxonomy":"product_tag","embeddable":true,"href":"https:\/\/zielonakaretka.pl\/sklep\/wp-json\/wp\/v2\/product_tag?post=1640"}],"curies":[{"name":"wp","href":"https:\/\/api.w.org\/{rel}","templated":true}]}}