{"id":1634,"date":"2024-05-20T22:50:24","date_gmt":"2024-05-20T20:50:24","guid":{"rendered":"https:\/\/zielonakaretka.pl\/sklep\/produkt\/volcano-vaporizer-medic-do-medycznej-marihuany-storz-bickel"},"modified":"2024-10-16T22:09:51","modified_gmt":"2024-10-16T20:09:51","slug":"volcano-vaporizer-medic-do-medycznej-marihuany-storz-bickel","status":"publish","type":"product","link":"https:\/\/zielonakaretka.pl\/sklep\/produkt\/volcano-vaporizer-medic-do-medycznej-marihuany-storz-bickel","title":{"rendered":"VOLCANO VAPORIZER MEDIC do medycznej marihuany Storz &#038; Bickel"},"content":{"rendered":"<h2>Waporyzator stacjonarny Volcano MEDIC<\/h2>\n<p>Przegl\u0105d PPN: 111563424225<\/p>\n<p>Nr WEEE: DE52682876<\/p>\n<p>VOLCANO MEDIC zezwala na medyczn\u0105 terapi\u0119 inhalacyjn\u0105 czystymi fitokannabinoidami bezpo\u015brednio z suszonych kwiat\u00f3w konopi.<\/p>\n<p>System odparowywania VOLCANO MEDIC rozwi\u0105zuje jednocze\u015bnie dwa problemy zwi\u0105zane z technologi\u0105 medyczn\u0105. Po pierwsze, system odparowywania VOLCANO MEDIC pozwala na inhalacyjne zastosowanie p\u0142ynnych kannabinoid\u00f3w rozpuszczonych w alkoholu. Po drugie, pozwala na wziewne stosowanie kanabinoid\u00f3w bezpo\u015brednio z suszonych kwiat\u00f3w konopi.<\/p>\n<p>W przesz\u0142o\u015bci wziewne stosowanie kannabinoid\u00f3w ogranicza\u0142o si\u0119 do palenia kwiat\u00f3w konopi, co stanowi\u0142o kilka problem\u00f3w medycznych. W tym urz\u0105dzeniu fitokanabinoidy s\u0105 uwalniane dzi\u0119ki dzia\u0142aniu ciep\u0142a w systemie odparowywania VOLCANO MEDIC.<\/p>\n<p>System odparowywania VOLCANO MEDIC sk\u0142ada si\u0119 g\u0142\u00f3wnie z generatora gor\u0105cego powietrza i zdejmowanego balonu zaworu. Procesy parowania i inhalacji odbywaj\u0105 si\u0119 zatem w oddzielnych obszarach i w r\u00f3\u017cnym czasie. To sprawia, \u017ce inhalacja jest wysoce bezpieczna dla u\u017cytkownik\u00f3w, poniewa\u017c nie stykaj\u0105 si\u0119 one z ciep\u0142em ani energi\u0105 elektryczn\u0105 z generatora gor\u0105cego powietrza podczas wdechu z balonu Valve.<\/p>\n<p>Po podgrzaniu generatora gor\u0105cego powietrza pompa zostaje w\u0142\u0105czona, a gor\u0105ce powietrze przep\u0142ywa przez komor\u0119 nape\u0142niania, powoduj\u0105c odparowanie kanabinoid\u00f3w. Powsta\u0142a mieszanina powietrza jest podawana do balonu zaworu, szybko sch\u0142adzaj\u0105c si\u0119 do temperatury otoczenia, co jest spowodowane du\u017c\u0105 powierzchni\u0105 balonu. Po wpompowaniu wystarczaj\u0105cej ilo\u015bci aerozolu pompa zostaje wy\u0142\u0105czona, a balonik zaworu jest usuwany z komory nape\u0142niania, automatycznie zamykaj\u0105c zaw\u00f3r. Ustnik jest nast\u0119pnie wk\u0142adany do zaworu wype\u0142nionego balonu, aby wykona\u0107 wdech. Delikatnie przyci\u015bnij ustnik, aby otworzy\u0107 zaw\u00f3r i wdycha\u0107 mieszank\u0119 kannabinoid\u00f3w \/ aerozolu. Gdy przestaniesz przyk\u0142ada\u0107 nacisk do ustnika, zaw\u00f3r zamknie si\u0119 automatycznie.<\/p>\n<h2>Przeznaczenie waporyzatora medic<\/h2>\n<p>VOLCANO MEDIC jest przeznaczony do odparowywania, a nast\u0119pnie wdychania medycznej marihuany. VOLCANO MEDIC nadaje si\u0119 do tymczasowego inhalacyjnego podawania kannabinoid\u00f3w przepisanych przez lekarza do u\u017cytku w domu, szpitalu lub gabinecie lekarskim. Urz\u0105dzenie oferuje wysoce skuteczny, bezpieczny i szybko dzia\u0142aj\u0105cy spos\u00f3b u\u017cywania kannabinoid\u00f3w. Zawsze skonsultuj si\u0119 z lekarzem przed rozpocz\u0119ciem leczenia jakiejkolwiek choroby.Urz\u0105dzenia nie s\u0105 przeznaczone do stosowania u dzieci i m\u0142odzie\u017cy w wieku poni\u017cej 18 lat. Doro\u015bli mog\u0105 u\u017cywa\u0107 VOLCANO MEDIC zgodnie z instrukcj\u0105 obs\u0142ugi lub instrukcjami lekarza.<\/p>\n<p>Balonik Valve z jednorazowym wk\u0142adem ustnym jest przeznaczony tylko dla jednego u\u017cytkownika w sytuacjach domowych i nie mo\u017ce by\u0107 wymieniany mi\u0119dzy pacjentami. Balon Valve mo\u017ce by\u0107 ponownie u\u017cyty kilka razy, ale tylko przez jedn\u0105 osob\u0119. Nowy balonik i ustnik mo\u017ce by\u0107 u\u017cywany przez maksymalnie 2 tygodnie.<\/p>\n<p><strong>Uwagi og\u00f3lne<\/strong><\/p>\n<p>Przy okre\u015blonej dawce THC konopie mog\u0105 mie\u0107 dzia\u0142anie psychoaktywne (zmieniaj\u0105ce umys\u0142). U\u017cywaj tylko medycznej marihuany przepisanej przez lekarza i kupionej w aptece. W przeciwnym razie mo\u017cesz by\u0107 nara\u017cony na z\u0142amanie prawa. W razie w\u0105tpliwo\u015bci zapytaj swojego lekarza, farmaceut\u0119 lub odpowiedzialne w\u0142adze o obowi\u0105zuj\u0105ce przepisy w Twoim miejscu zamieszkania.<\/p>\n<p>VOLCANO MEDIC nie powinien by\u0107 u\u017cywany, je\u015bli u\u017cytkownik ma schorzenia dr\u00f3g oddechowych lub p\u0142uc. W zale\u017cno\u015bci od g\u0119sto\u015bci, para mo\u017ce podra\u017cnia\u0107 drogi oddechowe lub p\u0142uca, co mo\u017ce prowadzi\u0107 do kaszlu. Chocia\u017c wdychanie odparowanych konopi indyjskich powoduje znacznie mniej podra\u017cnie\u0144 ni\u017c palenie, niedo\u015bwiadczeni u\u017cytkownicy pocz\u0105tkowo potrzebuj\u0105 okresu przyzwyczajenia, aby znale\u017a\u0107 optymaln\u0105 temperatur\u0119 do podawania. U\u017cytkownik powinien wdycha\u0107 \u015bwiadomie i powinien si\u0119 skoncentrowa\u0107. Nale\u017cy unika\u0107 \u015bmiechu, ziewania i m\u00f3wienia podczas podawania, poniewa\u017c mo\u017ce to prowadzi\u0107 do wmo\u017conego kaszlu.<\/p>\n<p><strong>VOLCANO MEDIC to naukowo sprawdzony spos\u00f3b na wdychanie kanabinoid\u00f3w z kwiat\u00f3w konopi.<\/strong><\/p>\n<p><strong>Urz\u0105dzenie nie jest przeznaczone do waporyzacji tytoniu i wyrob\u00f3w tytoniowych.<\/strong><\/p>\n<p>&nbsp;<\/p>\n<p><b>Du\u017cy wy\u015bwietlacz LED<\/b><\/p>\n<p>Pe\u0142ny zakres temperatury: od 40 \u00b0 do 230 \u00b0 C (104 \u00b0 i 446 \u00b0 F)<\/p>\n<p>3 lata gwarancji producenta<\/p>\n<p>Automatyczne wy\u0142\u0105czanie<\/p>\n<p>Wymiary 20 cm x 18 cm<\/p>\n<p>Waga 1,8kg<\/p>\n<p><b>W zestawie znajdziemy:<\/b><\/p>\n<p><b>Volcano MEDIC<\/b><\/p>\n<p>5 szt -. ZAW\u00d3R MEDYCZNY Balon z ustnikiem<\/p>\n<p>3 zatrzaski komory<\/p>\n<p>1 pier\u015bcie\u0144 komory<\/p>\n<p>zestaw ekran\u00f3w (ok. 30 mm)<\/p>\n<p>komora na susz<\/p>\n<p>Liquid Pad na woski i koncentraty<\/p>\n<p>1 szt. Szczotka do czyszczenia<\/p>\n<p>Instrukcja obs\u0142ugi<\/p>\n","protected":false},"excerpt":{"rendered":"<p>Waporyzator stacjonarny Volcano MEDIC Przegl\u0105d PPN: 111563424225 Nr WEEE: DE52682876 VOLCANO MEDIC zezwala na medyczn\u0105 terapi\u0119 inhalacyjn\u0105 czystymi fitokannabinoidami bezpo\u015brednio z suszonych kwiat\u00f3w konopi. System odparowywania VOLCANO MEDIC rozwi\u0105zuje jednocze\u015bnie dwa problemy zwi\u0105zane z technologi\u0105 medyczn\u0105. Po pierwsze, system odparowywania VOLCANO MEDIC pozwala na inhalacyjne zastosowanie p\u0142ynnych kannabinoid\u00f3w rozpuszczonych w alkoholu. Po drugie, pozwala na [&hellip;]<\/p>\n","protected":false},"featured_media":1635,"template":"","meta":[],"product_brand":[],"product_cat":[29],"product_tag":[],"class_list":{"0":"post-1634","1":"product","2":"type-product","3":"status-publish","4":"has-post-thumbnail","6":"product_cat-waporyzatory","7":"pa_producent-producent","9":"first","10":"instock","11":"purchasable","12":"product-type-simple"},"yoast_head":"<!-- This site is optimized with the Yoast SEO plugin v27.6 - https:\/\/yoast.com\/product\/yoast-seo-wordpress\/ -->\n<title>VOLCANO VAPORIZER MEDIC do medycznej marihuany Storz &amp; Bickel - Zielona karetka.pl - sklep z waporyzatorami<\/title>\n<meta name=\"robots\" content=\"index, follow, max-snippet:-1, max-image-preview:large, max-video-preview:-1\" \/>\n<link rel=\"canonical\" href=\"https:\/\/zielonakaretka.pl\/sklep\/produkt\/volcano-vaporizer-medic-do-medycznej-marihuany-storz-bickel\" \/>\n<meta property=\"og:locale\" content=\"pl_PL\" \/>\n<meta property=\"og:type\" content=\"article\" \/>\n<meta property=\"og:title\" content=\"VOLCANO VAPORIZER MEDIC do medycznej marihuany Storz &amp; Bickel - Zielona karetka.pl - sklep z waporyzatorami\" \/>\n<meta property=\"og:description\" content=\"Waporyzator stacjonarny Volcano MEDIC Przegl\u0105d PPN: 111563424225 Nr WEEE: DE52682876 VOLCANO MEDIC zezwala na medyczn\u0105 terapi\u0119 inhalacyjn\u0105 czystymi fitokannabinoidami bezpo\u015brednio z suszonych kwiat\u00f3w konopi. System odparowywania VOLCANO MEDIC rozwi\u0105zuje jednocze\u015bnie dwa problemy zwi\u0105zane z technologi\u0105 medyczn\u0105. Po pierwsze, system odparowywania VOLCANO MEDIC pozwala na inhalacyjne zastosowanie p\u0142ynnych kannabinoid\u00f3w rozpuszczonych w alkoholu. Po drugie, pozwala na [&hellip;]\" \/>\n<meta property=\"og:url\" content=\"https:\/\/zielonakaretka.pl\/sklep\/produkt\/volcano-vaporizer-medic-do-medycznej-marihuany-storz-bickel\" \/>\n<meta property=\"og:site_name\" content=\"Zielona karetka.pl - sklep z waporyzatorami\" \/>\n<meta property=\"article:modified_time\" content=\"2024-10-16T20:09:51+00:00\" \/>\n<meta property=\"og:image\" content=\"https:\/\/zielonakaretka.pl\/sklep\/wp-content\/uploads\/2024\/05\/volcano-vaporizer-medic-do-medycznej-marihuany.jpg\" \/>\n\t<meta property=\"og:image:width\" content=\"900\" \/>\n\t<meta property=\"og:image:height\" content=\"900\" \/>\n\t<meta property=\"og:image:type\" content=\"image\/jpeg\" \/>\n<meta name=\"twitter:card\" content=\"summary_large_image\" \/>\n<meta name=\"twitter:label1\" content=\"Szacowany czas czytania\" \/>\n\t<meta name=\"twitter:data1\" content=\"3 minuty\" \/>\n<script type=\"application\/ld+json\" class=\"yoast-schema-graph\">{\"@context\":\"https:\\\/\\\/schema.org\",\"@graph\":[{\"@type\":\"WebPage\",\"@id\":\"https:\\\/\\\/zielonakaretka.pl\\\/sklep\\\/produkt\\\/volcano-vaporizer-medic-do-medycznej-marihuany-storz-bickel\",\"url\":\"https:\\\/\\\/zielonakaretka.pl\\\/sklep\\\/produkt\\\/volcano-vaporizer-medic-do-medycznej-marihuany-storz-bickel\",\"name\":\"VOLCANO VAPORIZER MEDIC do medycznej marihuany Storz & Bickel - Zielona karetka.pl - sklep z waporyzatorami\",\"isPartOf\":{\"@id\":\"https:\\\/\\\/zielonakaretka.pl\\\/sklep\\\/#website\"},\"primaryImageOfPage\":{\"@id\":\"https:\\\/\\\/zielonakaretka.pl\\\/sklep\\\/produkt\\\/volcano-vaporizer-medic-do-medycznej-marihuany-storz-bickel#primaryimage\"},\"image\":{\"@id\":\"https:\\\/\\\/zielonakaretka.pl\\\/sklep\\\/produkt\\\/volcano-vaporizer-medic-do-medycznej-marihuany-storz-bickel#primaryimage\"},\"thumbnailUrl\":\"https:\\\/\\\/zielonakaretka.pl\\\/sklep\\\/wp-content\\\/uploads\\\/2024\\\/05\\\/volcano-vaporizer-medic-do-medycznej-marihuany.jpg\",\"datePublished\":\"2024-05-20T20:50:24+00:00\",\"dateModified\":\"2024-10-16T20:09:51+00:00\",\"breadcrumb\":{\"@id\":\"https:\\\/\\\/zielonakaretka.pl\\\/sklep\\\/produkt\\\/volcano-vaporizer-medic-do-medycznej-marihuany-storz-bickel#breadcrumb\"},\"inLanguage\":\"pl-PL\",\"potentialAction\":[{\"@type\":\"ReadAction\",\"target\":[\"https:\\\/\\\/zielonakaretka.pl\\\/sklep\\\/produkt\\\/volcano-vaporizer-medic-do-medycznej-marihuany-storz-bickel\"]}]},{\"@type\":\"ImageObject\",\"inLanguage\":\"pl-PL\",\"@id\":\"https:\\\/\\\/zielonakaretka.pl\\\/sklep\\\/produkt\\\/volcano-vaporizer-medic-do-medycznej-marihuany-storz-bickel#primaryimage\",\"url\":\"https:\\\/\\\/zielonakaretka.pl\\\/sklep\\\/wp-content\\\/uploads\\\/2024\\\/05\\\/volcano-vaporizer-medic-do-medycznej-marihuany.jpg\",\"contentUrl\":\"https:\\\/\\\/zielonakaretka.pl\\\/sklep\\\/wp-content\\\/uploads\\\/2024\\\/05\\\/volcano-vaporizer-medic-do-medycznej-marihuany.jpg\",\"width\":900,\"height\":900},{\"@type\":\"BreadcrumbList\",\"@id\":\"https:\\\/\\\/zielonakaretka.pl\\\/sklep\\\/produkt\\\/volcano-vaporizer-medic-do-medycznej-marihuany-storz-bickel#breadcrumb\",\"itemListElement\":[{\"@type\":\"ListItem\",\"position\":1,\"name\":\"Strona g\u0142\u00f3wna\",\"item\":\"https:\\\/\\\/zielonakaretka.pl\\\/sklep\\\/\"},{\"@type\":\"ListItem\",\"position\":2,\"name\":\"Sklep\",\"item\":\"https:\\\/\\\/zielonakaretka.pl\\\/sklep\\\/sklep\"},{\"@type\":\"ListItem\",\"position\":3,\"name\":\"VOLCANO VAPORIZER MEDIC do medycznej marihuany Storz &#038; Bickel\"}]},{\"@type\":\"WebSite\",\"@id\":\"https:\\\/\\\/zielonakaretka.pl\\\/sklep\\\/#website\",\"url\":\"https:\\\/\\\/zielonakaretka.pl\\\/sklep\\\/\",\"name\":\"Sklep z olejkami CBD | Lupus CBD - produkty z konopi CBD Vap\",\"description\":\"Sklep z waporyzatorami\",\"potentialAction\":[{\"@type\":\"SearchAction\",\"target\":{\"@type\":\"EntryPoint\",\"urlTemplate\":\"https:\\\/\\\/zielonakaretka.pl\\\/sklep\\\/?s={search_term_string}\"},\"query-input\":{\"@type\":\"PropertyValueSpecification\",\"valueRequired\":true,\"valueName\":\"search_term_string\"}}],\"inLanguage\":\"pl-PL\"}]}<\/script>\n<!-- \/ Yoast SEO plugin. -->","yoast_head_json":{"title":"VOLCANO VAPORIZER MEDIC do medycznej marihuany Storz & Bickel - Zielona karetka.pl - sklep z waporyzatorami","robots":{"index":"index","follow":"follow","max-snippet":"max-snippet:-1","max-image-preview":"max-image-preview:large","max-video-preview":"max-video-preview:-1"},"canonical":"https:\/\/zielonakaretka.pl\/sklep\/produkt\/volcano-vaporizer-medic-do-medycznej-marihuany-storz-bickel","og_locale":"pl_PL","og_type":"article","og_title":"VOLCANO VAPORIZER MEDIC do medycznej marihuany Storz & Bickel - Zielona karetka.pl - sklep z waporyzatorami","og_description":"Waporyzator stacjonarny Volcano MEDIC Przegl\u0105d PPN: 111563424225 Nr WEEE: DE52682876 VOLCANO MEDIC zezwala na medyczn\u0105 terapi\u0119 inhalacyjn\u0105 czystymi fitokannabinoidami bezpo\u015brednio z suszonych kwiat\u00f3w konopi. System odparowywania VOLCANO MEDIC rozwi\u0105zuje jednocze\u015bnie dwa problemy zwi\u0105zane z technologi\u0105 medyczn\u0105. Po pierwsze, system odparowywania VOLCANO MEDIC pozwala na inhalacyjne zastosowanie p\u0142ynnych kannabinoid\u00f3w rozpuszczonych w alkoholu. Po drugie, pozwala na [&hellip;]","og_url":"https:\/\/zielonakaretka.pl\/sklep\/produkt\/volcano-vaporizer-medic-do-medycznej-marihuany-storz-bickel","og_site_name":"Zielona karetka.pl - sklep z waporyzatorami","article_modified_time":"2024-10-16T20:09:51+00:00","og_image":[{"width":900,"height":900,"url":"https:\/\/zielonakaretka.pl\/sklep\/wp-content\/uploads\/2024\/05\/volcano-vaporizer-medic-do-medycznej-marihuany.jpg","type":"image\/jpeg"}],"twitter_card":"summary_large_image","twitter_misc":{"Szacowany czas czytania":"3 minuty"},"schema":{"@context":"https:\/\/schema.org","@graph":[{"@type":"WebPage","@id":"https:\/\/zielonakaretka.pl\/sklep\/produkt\/volcano-vaporizer-medic-do-medycznej-marihuany-storz-bickel","url":"https:\/\/zielonakaretka.pl\/sklep\/produkt\/volcano-vaporizer-medic-do-medycznej-marihuany-storz-bickel","name":"VOLCANO VAPORIZER MEDIC do medycznej marihuany Storz & Bickel - Zielona karetka.pl - sklep z waporyzatorami","isPartOf":{"@id":"https:\/\/zielonakaretka.pl\/sklep\/#website"},"primaryImageOfPage":{"@id":"https:\/\/zielonakaretka.pl\/sklep\/produkt\/volcano-vaporizer-medic-do-medycznej-marihuany-storz-bickel#primaryimage"},"image":{"@id":"https:\/\/zielonakaretka.pl\/sklep\/produkt\/volcano-vaporizer-medic-do-medycznej-marihuany-storz-bickel#primaryimage"},"thumbnailUrl":"https:\/\/zielonakaretka.pl\/sklep\/wp-content\/uploads\/2024\/05\/volcano-vaporizer-medic-do-medycznej-marihuany.jpg","datePublished":"2024-05-20T20:50:24+00:00","dateModified":"2024-10-16T20:09:51+00:00","breadcrumb":{"@id":"https:\/\/zielonakaretka.pl\/sklep\/produkt\/volcano-vaporizer-medic-do-medycznej-marihuany-storz-bickel#breadcrumb"},"inLanguage":"pl-PL","potentialAction":[{"@type":"ReadAction","target":["https:\/\/zielonakaretka.pl\/sklep\/produkt\/volcano-vaporizer-medic-do-medycznej-marihuany-storz-bickel"]}]},{"@type":"ImageObject","inLanguage":"pl-PL","@id":"https:\/\/zielonakaretka.pl\/sklep\/produkt\/volcano-vaporizer-medic-do-medycznej-marihuany-storz-bickel#primaryimage","url":"https:\/\/zielonakaretka.pl\/sklep\/wp-content\/uploads\/2024\/05\/volcano-vaporizer-medic-do-medycznej-marihuany.jpg","contentUrl":"https:\/\/zielonakaretka.pl\/sklep\/wp-content\/uploads\/2024\/05\/volcano-vaporizer-medic-do-medycznej-marihuany.jpg","width":900,"height":900},{"@type":"BreadcrumbList","@id":"https:\/\/zielonakaretka.pl\/sklep\/produkt\/volcano-vaporizer-medic-do-medycznej-marihuany-storz-bickel#breadcrumb","itemListElement":[{"@type":"ListItem","position":1,"name":"Strona g\u0142\u00f3wna","item":"https:\/\/zielonakaretka.pl\/sklep\/"},{"@type":"ListItem","position":2,"name":"Sklep","item":"https:\/\/zielonakaretka.pl\/sklep\/sklep"},{"@type":"ListItem","position":3,"name":"VOLCANO VAPORIZER MEDIC do medycznej marihuany Storz &#038; Bickel"}]},{"@type":"WebSite","@id":"https:\/\/zielonakaretka.pl\/sklep\/#website","url":"https:\/\/zielonakaretka.pl\/sklep\/","name":"Sklep z olejkami CBD | Lupus CBD - produkty z konopi CBD Vap","description":"Sklep z waporyzatorami","potentialAction":[{"@type":"SearchAction","target":{"@type":"EntryPoint","urlTemplate":"https:\/\/zielonakaretka.pl\/sklep\/?s={search_term_string}"},"query-input":{"@type":"PropertyValueSpecification","valueRequired":true,"valueName":"search_term_string"}}],"inLanguage":"pl-PL"}]}},"_links":{"self":[{"href":"https:\/\/zielonakaretka.pl\/sklep\/wp-json\/wp\/v2\/product\/1634","targetHints":{"allow":["GET"]}}],"collection":[{"href":"https:\/\/zielonakaretka.pl\/sklep\/wp-json\/wp\/v2\/product"}],"about":[{"href":"https:\/\/zielonakaretka.pl\/sklep\/wp-json\/wp\/v2\/types\/product"}],"wp:featuredmedia":[{"embeddable":true,"href":"https:\/\/zielonakaretka.pl\/sklep\/wp-json\/wp\/v2\/media\/1635"}],"wp:attachment":[{"href":"https:\/\/zielonakaretka.pl\/sklep\/wp-json\/wp\/v2\/media?parent=1634"}],"wp:term":[{"taxonomy":"product_brand","embeddable":true,"href":"https:\/\/zielonakaretka.pl\/sklep\/wp-json\/wp\/v2\/product_brand?post=1634"},{"taxonomy":"product_cat","embeddable":true,"href":"https:\/\/zielonakaretka.pl\/sklep\/wp-json\/wp\/v2\/product_cat?post=1634"},{"taxonomy":"product_tag","embeddable":true,"href":"https:\/\/zielonakaretka.pl\/sklep\/wp-json\/wp\/v2\/product_tag?post=1634"}],"curies":[{"name":"wp","href":"https:\/\/api.w.org\/{rel}","templated":true}]}}