{"id":1231,"date":"2024-05-20T22:50:24","date_gmt":"2024-05-20T20:50:24","guid":{"rendered":"https:\/\/zielonakaretka.pl\/sklep\/sklep\/mighty-medic-waporyzator\/"},"modified":"2024-10-16T22:09:52","modified_gmt":"2024-10-16T20:09:52","slug":"mighty-medic-waporyzator","status":"publish","type":"product","link":"https:\/\/zielonakaretka.pl\/sklep\/produkt\/mighty-medic-waporyzator","title":{"rendered":"MIGHTY+ MEDIC Waporyzator"},"content":{"rendered":"<h2>Waporyzator Mighty+ Medic<\/h2>\n<p><strong>Gniazdo USB-C<\/strong><\/p>\n<p><strong>Funkcja do\u0142adowania: 80% na\u0142adowania w ok. 1 godz. 40 minut<\/strong><\/p>\n<p><strong>Komora nape\u0142niania pokryta ceramik\u0105<\/strong><\/p>\n<p><strong>Zoptymalizowany projekt dla lepszej stabilno\u015bci<\/strong><\/p>\n<p><strong>Wst\u0119pnie ustawiona temperatura Superbooster<\/strong><\/p>\n<p><strong>Ulepszona obudowa<\/strong><\/p>\n<p><strong>2 lata gwarancji + 1 rok po rejestracji<\/strong><\/p>\n<p>&nbsp;<\/p>\n<p>MIGHTY+ MEDIC to pierwszy zatwierdzony medycznie przeno\u015bny inhalator do medycznej marihuany. Wykorzystuje pe\u0142ne ogrzewanie konwekcyjne z gor\u0105cym powietrzem w po\u0142\u0105czeniu z dodatkowym przewodzeniem, zapewniaj\u0105c wydajne odparowanie.<\/p>\n<p>PPN: 111563423659<\/p>\n<p>Nr WEEE: DE52682876<\/p>\n<p>Najnowsza wersja waporyzatora mighty medic<\/p>\n<h2>Przeznaczenie waporyzatora medic<\/h2>\n<p>MIGHTY MEDIC jest przeznaczony do odparowywania, a nast\u0119pnie wdychania medycznej marihuany. MIGHTY+ MEDIC nadaje si\u0119 do tymczasowego inhalacyjnego podawania kannabinoid\u00f3w przepisanych przez lekarza do u\u017cytku w domu, szpitalu lub gabinecie lekarskim. Urz\u0105dzenie oferuje wysoce skuteczny, bezpieczny i szybko dzia\u0142aj\u0105cy spos\u00f3b u\u017cywania kannabinoid\u00f3w. Zawsze skonsultuj si\u0119 z lekarzem przed rozpocz\u0119ciem leczenia jakiejkolwiek choroby.Urz\u0105dzenia nie s\u0105 przeznaczone do stosowania u dzieci i m\u0142odzie\u017cy w wieku poni\u017cej 18 lat. Doro\u015bli mog\u0105 u\u017cywa\u0107 MIGHTY+ MEDIC zgodnie z instrukcj\u0105 obs\u0142ugi lub instrukcjami lekarza.<\/p>\n<p><strong>Uwagi og\u00f3lne<\/strong><\/p>\n<p>Przy okre\u015blonej dawce THC konopie mog\u0105 mie\u0107 dzia\u0142anie psychoaktywne (zmieniaj\u0105ce umys\u0142). U\u017cywaj tylko medycznej marihuany przepisanej przez lekarza i kupionej w aptece. W przeciwnym razie mo\u017cesz by\u0107 nara\u017cony na z\u0142amanie prawa. W razie w\u0105tpliwo\u015bci zapytaj swojego lekarza, farmaceut\u0119 lub odpowiedzialne w\u0142adze o obowi\u0105zuj\u0105ce przepisy w Twoim miejscu zamieszkania.<\/p>\n<p>MIGHTY+ MEDIC nie powinien by\u0107 u\u017cywany, je\u015bli u\u017cytkownik ma schorzenia dr\u00f3g oddechowych lub p\u0142uc. W zale\u017cno\u015bci od g\u0119sto\u015bci, para mo\u017ce podra\u017cnia\u0107 drogi oddechowe lub p\u0142uca, co mo\u017ce prowadzi\u0107 do kaszlu. Chocia\u017c wdychanie odparowanych konopi indyjskich powoduje znacznie mniej podra\u017cnie\u0144 ni\u017c palenie, niedo\u015bwiadczeni u\u017cytkownicy pocz\u0105tkowo potrzebuj\u0105 okresu przyzwyczajenia, aby znale\u017a\u0107 optymaln\u0105 temperatur\u0119 do podawania. U\u017cytkownik powinien wdycha\u0107 \u015bwiadomie i powinien si\u0119 skoncentrowa\u0107. Nale\u017cy unika\u0107 \u015bmiechu, ziewania i m\u00f3wienia podczas podawania, poniewa\u017c mo\u017ce to prowadzi\u0107 do wmo\u017conego kaszlu.<\/p>\n<p>&nbsp;<\/p>\n<p><strong>MIGHTY+ MEDIC to naukowo sprawdzony spos\u00f3b na wdychanie kanabinoid\u00f3w z kwiat\u00f3w konopi.<\/strong><\/p>\n<p><strong>Zestaw Volcano Mighty+ MEDIC zawiera:<\/strong><\/p>\n<p><strong>1 szt. MIGHTY+ MEDIC<br \/>\n<\/strong><\/p>\n<p><strong>1 szt. \u0142adowarka usb typu C<\/strong><\/p>\n<p><strong>1 szt. \u0141adowarka stacjonarna z r\u00f3\u017cnymi przej\u015bci\u00f3wkami<\/strong><\/p>\n<p><strong>1 zestaw zapasowych pier\u015bcieni uszczelniaj\u0105cych<\/strong><\/p>\n<p><strong>6 szt. Zapasowe sitka (ok. \u015brednica 15 mm)<\/strong><\/p>\n<p><strong>Magazynek\u00a0 &#8211; 8 sztuk kapsu\u0142ek dozuj\u0105cych<\/strong><\/p>\n<p><strong>1szt. M\u0142ynek akrylowy storz and bickel<\/strong><\/p>\n<p><strong>1 szt. Szczotka do czyszczenia<\/strong><\/p>\n<p><strong>1 szt. Instrukcja u\u017cycia<\/strong><\/p>\n","protected":false},"excerpt":{"rendered":"<p>Waporyzator Mighty+ Medic Gniazdo USB-C Funkcja do\u0142adowania: 80% na\u0142adowania w ok. 1 godz. 40 minut Komora nape\u0142niania pokryta ceramik\u0105 Zoptymalizowany projekt dla lepszej stabilno\u015bci Wst\u0119pnie ustawiona temperatura Superbooster Ulepszona obudowa 2 lata gwarancji + 1 rok po rejestracji &nbsp; MIGHTY+ MEDIC to pierwszy zatwierdzony medycznie przeno\u015bny inhalator do medycznej marihuany. Wykorzystuje pe\u0142ne ogrzewanie konwekcyjne z [&hellip;]<\/p>\n","protected":false},"featured_media":1232,"template":"","meta":[],"product_brand":[],"product_cat":[29],"product_tag":[],"class_list":{"0":"post-1231","1":"product","2":"type-product","3":"status-publish","4":"has-post-thumbnail","6":"product_cat-waporyzatory","7":"pa_producent-producent","9":"first","10":"instock","11":"purchasable","12":"product-type-simple"},"yoast_head":"<!-- This site is optimized with the Yoast SEO plugin v27.4 - https:\/\/yoast.com\/product\/yoast-seo-wordpress\/ -->\n<title>MIGHTY+ MEDIC Waporyzator - Zielona karetka.pl - sklep z waporyzatorami<\/title>\n<meta name=\"robots\" content=\"index, follow, max-snippet:-1, max-image-preview:large, max-video-preview:-1\" \/>\n<link rel=\"canonical\" href=\"https:\/\/zielonakaretka.pl\/sklep\/produkt\/mighty-medic-waporyzator\" \/>\n<meta property=\"og:locale\" content=\"pl_PL\" \/>\n<meta property=\"og:type\" content=\"article\" \/>\n<meta property=\"og:title\" content=\"MIGHTY+ MEDIC Waporyzator - Zielona karetka.pl - sklep z waporyzatorami\" \/>\n<meta property=\"og:description\" content=\"Waporyzator Mighty+ Medic Gniazdo USB-C Funkcja do\u0142adowania: 80% na\u0142adowania w ok. 1 godz. 40 minut Komora nape\u0142niania pokryta ceramik\u0105 Zoptymalizowany projekt dla lepszej stabilno\u015bci Wst\u0119pnie ustawiona temperatura Superbooster Ulepszona obudowa 2 lata gwarancji + 1 rok po rejestracji &nbsp; MIGHTY+ MEDIC to pierwszy zatwierdzony medycznie przeno\u015bny inhalator do medycznej marihuany. Wykorzystuje pe\u0142ne ogrzewanie konwekcyjne z [&hellip;]\" \/>\n<meta property=\"og:url\" content=\"https:\/\/zielonakaretka.pl\/sklep\/produkt\/mighty-medic-waporyzator\" \/>\n<meta property=\"og:site_name\" content=\"Zielona karetka.pl - sklep z waporyzatorami\" \/>\n<meta property=\"article:modified_time\" content=\"2024-10-16T20:09:52+00:00\" \/>\n<meta property=\"og:image\" content=\"https:\/\/zielonakaretka.pl\/sklep\/wp-content\/uploads\/2023\/08\/mighty-medic-waporyzator.jpg\" \/>\n\t<meta property=\"og:image:width\" content=\"900\" \/>\n\t<meta property=\"og:image:height\" content=\"900\" \/>\n\t<meta property=\"og:image:type\" content=\"image\/jpeg\" \/>\n<meta name=\"twitter:card\" content=\"summary_large_image\" \/>\n<meta name=\"twitter:label1\" content=\"Szacowany czas czytania\" \/>\n\t<meta name=\"twitter:data1\" content=\"2 minuty\" \/>\n<script type=\"application\/ld+json\" class=\"yoast-schema-graph\">{\"@context\":\"https:\\\/\\\/schema.org\",\"@graph\":[{\"@type\":\"WebPage\",\"@id\":\"https:\\\/\\\/zielonakaretka.pl\\\/sklep\\\/produkt\\\/mighty-medic-waporyzator\",\"url\":\"https:\\\/\\\/zielonakaretka.pl\\\/sklep\\\/produkt\\\/mighty-medic-waporyzator\",\"name\":\"MIGHTY+ MEDIC Waporyzator - Zielona karetka.pl - sklep z waporyzatorami\",\"isPartOf\":{\"@id\":\"https:\\\/\\\/zielonakaretka.pl\\\/sklep\\\/#website\"},\"primaryImageOfPage\":{\"@id\":\"https:\\\/\\\/zielonakaretka.pl\\\/sklep\\\/produkt\\\/mighty-medic-waporyzator#primaryimage\"},\"image\":{\"@id\":\"https:\\\/\\\/zielonakaretka.pl\\\/sklep\\\/produkt\\\/mighty-medic-waporyzator#primaryimage\"},\"thumbnailUrl\":\"https:\\\/\\\/zielonakaretka.pl\\\/sklep\\\/wp-content\\\/uploads\\\/2023\\\/08\\\/mighty-medic-waporyzator.jpg\",\"datePublished\":\"2024-05-20T20:50:24+00:00\",\"dateModified\":\"2024-10-16T20:09:52+00:00\",\"breadcrumb\":{\"@id\":\"https:\\\/\\\/zielonakaretka.pl\\\/sklep\\\/produkt\\\/mighty-medic-waporyzator#breadcrumb\"},\"inLanguage\":\"pl-PL\",\"potentialAction\":[{\"@type\":\"ReadAction\",\"target\":[\"https:\\\/\\\/zielonakaretka.pl\\\/sklep\\\/produkt\\\/mighty-medic-waporyzator\"]}]},{\"@type\":\"ImageObject\",\"inLanguage\":\"pl-PL\",\"@id\":\"https:\\\/\\\/zielonakaretka.pl\\\/sklep\\\/produkt\\\/mighty-medic-waporyzator#primaryimage\",\"url\":\"https:\\\/\\\/zielonakaretka.pl\\\/sklep\\\/wp-content\\\/uploads\\\/2023\\\/08\\\/mighty-medic-waporyzator.jpg\",\"contentUrl\":\"https:\\\/\\\/zielonakaretka.pl\\\/sklep\\\/wp-content\\\/uploads\\\/2023\\\/08\\\/mighty-medic-waporyzator.jpg\",\"width\":900,\"height\":900},{\"@type\":\"BreadcrumbList\",\"@id\":\"https:\\\/\\\/zielonakaretka.pl\\\/sklep\\\/produkt\\\/mighty-medic-waporyzator#breadcrumb\",\"itemListElement\":[{\"@type\":\"ListItem\",\"position\":1,\"name\":\"Strona g\u0142\u00f3wna\",\"item\":\"https:\\\/\\\/zielonakaretka.pl\\\/sklep\\\/\"},{\"@type\":\"ListItem\",\"position\":2,\"name\":\"Sklep\",\"item\":\"https:\\\/\\\/zielonakaretka.pl\\\/sklep\\\/sklep\"},{\"@type\":\"ListItem\",\"position\":3,\"name\":\"MIGHTY+ MEDIC Waporyzator\"}]},{\"@type\":\"WebSite\",\"@id\":\"https:\\\/\\\/zielonakaretka.pl\\\/sklep\\\/#website\",\"url\":\"https:\\\/\\\/zielonakaretka.pl\\\/sklep\\\/\",\"name\":\"Sklep z olejkami CBD | Lupus CBD - produkty z konopi CBD Vap\",\"description\":\"Sklep z waporyzatorami\",\"potentialAction\":[{\"@type\":\"SearchAction\",\"target\":{\"@type\":\"EntryPoint\",\"urlTemplate\":\"https:\\\/\\\/zielonakaretka.pl\\\/sklep\\\/?s={search_term_string}\"},\"query-input\":{\"@type\":\"PropertyValueSpecification\",\"valueRequired\":true,\"valueName\":\"search_term_string\"}}],\"inLanguage\":\"pl-PL\"}]}<\/script>\n<!-- \/ Yoast SEO plugin. -->","yoast_head_json":{"title":"MIGHTY+ MEDIC Waporyzator - Zielona karetka.pl - sklep z waporyzatorami","robots":{"index":"index","follow":"follow","max-snippet":"max-snippet:-1","max-image-preview":"max-image-preview:large","max-video-preview":"max-video-preview:-1"},"canonical":"https:\/\/zielonakaretka.pl\/sklep\/produkt\/mighty-medic-waporyzator","og_locale":"pl_PL","og_type":"article","og_title":"MIGHTY+ MEDIC Waporyzator - Zielona karetka.pl - sklep z waporyzatorami","og_description":"Waporyzator Mighty+ Medic Gniazdo USB-C Funkcja do\u0142adowania: 80% na\u0142adowania w ok. 1 godz. 40 minut Komora nape\u0142niania pokryta ceramik\u0105 Zoptymalizowany projekt dla lepszej stabilno\u015bci Wst\u0119pnie ustawiona temperatura Superbooster Ulepszona obudowa 2 lata gwarancji + 1 rok po rejestracji &nbsp; MIGHTY+ MEDIC to pierwszy zatwierdzony medycznie przeno\u015bny inhalator do medycznej marihuany. Wykorzystuje pe\u0142ne ogrzewanie konwekcyjne z [&hellip;]","og_url":"https:\/\/zielonakaretka.pl\/sklep\/produkt\/mighty-medic-waporyzator","og_site_name":"Zielona karetka.pl - sklep z waporyzatorami","article_modified_time":"2024-10-16T20:09:52+00:00","og_image":[{"width":900,"height":900,"url":"https:\/\/zielonakaretka.pl\/sklep\/wp-content\/uploads\/2023\/08\/mighty-medic-waporyzator.jpg","type":"image\/jpeg"}],"twitter_card":"summary_large_image","twitter_misc":{"Szacowany czas czytania":"2 minuty"},"schema":{"@context":"https:\/\/schema.org","@graph":[{"@type":"WebPage","@id":"https:\/\/zielonakaretka.pl\/sklep\/produkt\/mighty-medic-waporyzator","url":"https:\/\/zielonakaretka.pl\/sklep\/produkt\/mighty-medic-waporyzator","name":"MIGHTY+ MEDIC Waporyzator - Zielona karetka.pl - sklep z waporyzatorami","isPartOf":{"@id":"https:\/\/zielonakaretka.pl\/sklep\/#website"},"primaryImageOfPage":{"@id":"https:\/\/zielonakaretka.pl\/sklep\/produkt\/mighty-medic-waporyzator#primaryimage"},"image":{"@id":"https:\/\/zielonakaretka.pl\/sklep\/produkt\/mighty-medic-waporyzator#primaryimage"},"thumbnailUrl":"https:\/\/zielonakaretka.pl\/sklep\/wp-content\/uploads\/2023\/08\/mighty-medic-waporyzator.jpg","datePublished":"2024-05-20T20:50:24+00:00","dateModified":"2024-10-16T20:09:52+00:00","breadcrumb":{"@id":"https:\/\/zielonakaretka.pl\/sklep\/produkt\/mighty-medic-waporyzator#breadcrumb"},"inLanguage":"pl-PL","potentialAction":[{"@type":"ReadAction","target":["https:\/\/zielonakaretka.pl\/sklep\/produkt\/mighty-medic-waporyzator"]}]},{"@type":"ImageObject","inLanguage":"pl-PL","@id":"https:\/\/zielonakaretka.pl\/sklep\/produkt\/mighty-medic-waporyzator#primaryimage","url":"https:\/\/zielonakaretka.pl\/sklep\/wp-content\/uploads\/2023\/08\/mighty-medic-waporyzator.jpg","contentUrl":"https:\/\/zielonakaretka.pl\/sklep\/wp-content\/uploads\/2023\/08\/mighty-medic-waporyzator.jpg","width":900,"height":900},{"@type":"BreadcrumbList","@id":"https:\/\/zielonakaretka.pl\/sklep\/produkt\/mighty-medic-waporyzator#breadcrumb","itemListElement":[{"@type":"ListItem","position":1,"name":"Strona g\u0142\u00f3wna","item":"https:\/\/zielonakaretka.pl\/sklep\/"},{"@type":"ListItem","position":2,"name":"Sklep","item":"https:\/\/zielonakaretka.pl\/sklep\/sklep"},{"@type":"ListItem","position":3,"name":"MIGHTY+ MEDIC Waporyzator"}]},{"@type":"WebSite","@id":"https:\/\/zielonakaretka.pl\/sklep\/#website","url":"https:\/\/zielonakaretka.pl\/sklep\/","name":"Sklep z olejkami CBD | Lupus CBD - produkty z konopi CBD Vap","description":"Sklep z waporyzatorami","potentialAction":[{"@type":"SearchAction","target":{"@type":"EntryPoint","urlTemplate":"https:\/\/zielonakaretka.pl\/sklep\/?s={search_term_string}"},"query-input":{"@type":"PropertyValueSpecification","valueRequired":true,"valueName":"search_term_string"}}],"inLanguage":"pl-PL"}]}},"_links":{"self":[{"href":"https:\/\/zielonakaretka.pl\/sklep\/wp-json\/wp\/v2\/product\/1231","targetHints":{"allow":["GET"]}}],"collection":[{"href":"https:\/\/zielonakaretka.pl\/sklep\/wp-json\/wp\/v2\/product"}],"about":[{"href":"https:\/\/zielonakaretka.pl\/sklep\/wp-json\/wp\/v2\/types\/product"}],"wp:featuredmedia":[{"embeddable":true,"href":"https:\/\/zielonakaretka.pl\/sklep\/wp-json\/wp\/v2\/media\/1232"}],"wp:attachment":[{"href":"https:\/\/zielonakaretka.pl\/sklep\/wp-json\/wp\/v2\/media?parent=1231"}],"wp:term":[{"taxonomy":"product_brand","embeddable":true,"href":"https:\/\/zielonakaretka.pl\/sklep\/wp-json\/wp\/v2\/product_brand?post=1231"},{"taxonomy":"product_cat","embeddable":true,"href":"https:\/\/zielonakaretka.pl\/sklep\/wp-json\/wp\/v2\/product_cat?post=1231"},{"taxonomy":"product_tag","embeddable":true,"href":"https:\/\/zielonakaretka.pl\/sklep\/wp-json\/wp\/v2\/product_tag?post=1231"}],"curies":[{"name":"wp","href":"https:\/\/api.w.org\/{rel}","templated":true}]}}