{"id":3,"date":"2021-02-09T13:04:23","date_gmt":"2021-02-09T12:04:23","guid":{"rendered":"https:\/\/zielonakaretka.pl\/sklep\/?page_id=3"},"modified":"2024-04-12T14:42:10","modified_gmt":"2024-04-12T12:42:10","slug":"polityka-prywatnosci","status":"publish","type":"page","link":"https:\/\/zielonakaretka.pl\/sklep\/polityka-prywatnosci","title":{"rendered":"Polityka prywatno\u015bci"},"content":{"rendered":"\r\n<div class=\"wp-block-image\">\r\n<figure class=\"aligncenter size-large\"><img decoding=\"async\" class=\"wp-image-46\" src=\"https:\/\/zielonakaretka.pl\/sklep\/wp-content\/uploads\/2021\/02\/logo-leaf-new.png\" alt=\"\" \/><\/figure>\r\n<\/div>\r\n\r\n\r\n\r\n<h1 class=\"has-text-align-center wp-block-heading\">POLITYKA PRYWATNO\u015aCI I COOKIES znajduje si\u0119 tutaj\u00a0<a href=\"https:\/\/zielonakaretka.pl\/sklep\/wp-content\/uploads\/2024\/04\/polityka-prywatnosci-sklep.pdf\">https:\/\/zielonakaretka.pl\/sklep\/wp-content\/uploads\/2024\/04\/polityka-prywatnosci-sklep.pdf<\/a><\/h1>\r\n\r\n\r\n","protected":false},"excerpt":{"rendered":"<p>POLITYKA PRYWATNO\u015aCI I COOKIES znajduje si\u0119 tutaj\u00a0https:\/\/zielonakaretka.pl\/sklep\/wp-content\/uploads\/2024\/04\/polityka-prywatnosci-sklep.pdf<\/p>\n","protected":false},"author":5,"featured_media":0,"parent":0,"menu_order":0,"comment_status":"closed","ping_status":"open","template":"","meta":{"footnotes":""},"class_list":["post-3","page","type-page","status-publish","hentry"],"yoast_head":"<!-- This site is optimized with the Yoast SEO plugin v27.4 - https:\/\/yoast.com\/product\/yoast-seo-wordpress\/ -->\n<title>Polityka prywatno\u015bci - Zielona karetka.pl - sklep z waporyzatorami<\/title>\n<meta name=\"robots\" content=\"noindex, nofollow\" \/>\n<meta property=\"og:locale\" content=\"pl_PL\" \/>\n<meta property=\"og:type\" content=\"article\" \/>\n<meta property=\"og:title\" content=\"Polityka prywatno\u015bci - Zielona karetka.pl - sklep z waporyzatorami\" \/>\n<meta property=\"og:description\" content=\"POLITYKA PRYWATNO\u015aCI I COOKIES znajduje si\u0119 tutaj\u00a0https:\/\/zielonakaretka.pl\/sklep\/wp-content\/uploads\/2024\/04\/polityka-prywatnosci-sklep.pdf\" \/>\n<meta property=\"og:url\" content=\"https:\/\/zielonakaretka.pl\/sklep\/polityka-prywatnosci\" \/>\n<meta property=\"og:site_name\" content=\"Zielona karetka.pl - sklep z waporyzatorami\" \/>\n<meta property=\"article:modified_time\" content=\"2024-04-12T12:42:10+00:00\" \/>\n<meta property=\"og:image\" content=\"https:\/\/zielonakaretka.pl\/sklep\/wp-content\/uploads\/2021\/02\/logo-leaf-new.png\" \/>\n<meta name=\"twitter:card\" content=\"summary_large_image\" \/>\n<meta name=\"twitter:label1\" content=\"Szacowany czas czytania\" \/>\n\t<meta name=\"twitter:data1\" content=\"1 minuta\" \/>\n<script type=\"application\/ld+json\" class=\"yoast-schema-graph\">{\"@context\":\"https:\\\/\\\/schema.org\",\"@graph\":[{\"@type\":\"WebPage\",\"@id\":\"https:\\\/\\\/zielonakaretka.pl\\\/sklep\\\/polityka-prywatnosci\",\"url\":\"https:\\\/\\\/zielonakaretka.pl\\\/sklep\\\/polityka-prywatnosci\",\"name\":\"Polityka prywatno\u015bci - Zielona karetka.pl - sklep z waporyzatorami\",\"isPartOf\":{\"@id\":\"https:\\\/\\\/zielonakaretka.pl\\\/sklep\\\/#website\"},\"primaryImageOfPage\":{\"@id\":\"https:\\\/\\\/zielonakaretka.pl\\\/sklep\\\/polityka-prywatnosci#primaryimage\"},\"image\":{\"@id\":\"https:\\\/\\\/zielonakaretka.pl\\\/sklep\\\/polityka-prywatnosci#primaryimage\"},\"thumbnailUrl\":\"https:\\\/\\\/zielonakaretka.pl\\\/sklep\\\/wp-content\\\/uploads\\\/2021\\\/02\\\/logo-leaf-new.png\",\"datePublished\":\"2021-02-09T12:04:23+00:00\",\"dateModified\":\"2024-04-12T12:42:10+00:00\",\"breadcrumb\":{\"@id\":\"https:\\\/\\\/zielonakaretka.pl\\\/sklep\\\/polityka-prywatnosci#breadcrumb\"},\"inLanguage\":\"pl-PL\",\"potentialAction\":[{\"@type\":\"ReadAction\",\"target\":[\"https:\\\/\\\/zielonakaretka.pl\\\/sklep\\\/polityka-prywatnosci\"]}]},{\"@type\":\"ImageObject\",\"inLanguage\":\"pl-PL\",\"@id\":\"https:\\\/\\\/zielonakaretka.pl\\\/sklep\\\/polityka-prywatnosci#primaryimage\",\"url\":\"\",\"contentUrl\":\"\"},{\"@type\":\"BreadcrumbList\",\"@id\":\"https:\\\/\\\/zielonakaretka.pl\\\/sklep\\\/polityka-prywatnosci#breadcrumb\",\"itemListElement\":[{\"@type\":\"ListItem\",\"position\":1,\"name\":\"Strona g\u0142\u00f3wna\",\"item\":\"https:\\\/\\\/zielonakaretka.pl\\\/sklep\\\/\"},{\"@type\":\"ListItem\",\"position\":2,\"name\":\"Polityka prywatno\u015bci\"}]},{\"@type\":\"WebSite\",\"@id\":\"https:\\\/\\\/zielonakaretka.pl\\\/sklep\\\/#website\",\"url\":\"https:\\\/\\\/zielonakaretka.pl\\\/sklep\\\/\",\"name\":\"Sklep z olejkami CBD | Lupus CBD - produkty z konopi CBD Vap\",\"description\":\"Sklep z waporyzatorami\",\"potentialAction\":[{\"@type\":\"SearchAction\",\"target\":{\"@type\":\"EntryPoint\",\"urlTemplate\":\"https:\\\/\\\/zielonakaretka.pl\\\/sklep\\\/?s={search_term_string}\"},\"query-input\":{\"@type\":\"PropertyValueSpecification\",\"valueRequired\":true,\"valueName\":\"search_term_string\"}}],\"inLanguage\":\"pl-PL\"}]}<\/script>\n<!-- \/ Yoast SEO plugin. -->","yoast_head_json":{"title":"Polityka prywatno\u015bci - Zielona karetka.pl - sklep z waporyzatorami","robots":{"index":"noindex","follow":"nofollow"},"og_locale":"pl_PL","og_type":"article","og_title":"Polityka prywatno\u015bci - Zielona karetka.pl - sklep z waporyzatorami","og_description":"POLITYKA PRYWATNO\u015aCI I COOKIES znajduje si\u0119 tutaj\u00a0https:\/\/zielonakaretka.pl\/sklep\/wp-content\/uploads\/2024\/04\/polityka-prywatnosci-sklep.pdf","og_url":"https:\/\/zielonakaretka.pl\/sklep\/polityka-prywatnosci","og_site_name":"Zielona karetka.pl - sklep z waporyzatorami","article_modified_time":"2024-04-12T12:42:10+00:00","og_image":[{"url":"https:\/\/zielonakaretka.pl\/sklep\/wp-content\/uploads\/2021\/02\/logo-leaf-new.png","type":"","width":"","height":""}],"twitter_card":"summary_large_image","twitter_misc":{"Szacowany czas czytania":"1 minuta"},"schema":{"@context":"https:\/\/schema.org","@graph":[{"@type":"WebPage","@id":"https:\/\/zielonakaretka.pl\/sklep\/polityka-prywatnosci","url":"https:\/\/zielonakaretka.pl\/sklep\/polityka-prywatnosci","name":"Polityka prywatno\u015bci - Zielona karetka.pl - sklep z waporyzatorami","isPartOf":{"@id":"https:\/\/zielonakaretka.pl\/sklep\/#website"},"primaryImageOfPage":{"@id":"https:\/\/zielonakaretka.pl\/sklep\/polityka-prywatnosci#primaryimage"},"image":{"@id":"https:\/\/zielonakaretka.pl\/sklep\/polityka-prywatnosci#primaryimage"},"thumbnailUrl":"https:\/\/zielonakaretka.pl\/sklep\/wp-content\/uploads\/2021\/02\/logo-leaf-new.png","datePublished":"2021-02-09T12:04:23+00:00","dateModified":"2024-04-12T12:42:10+00:00","breadcrumb":{"@id":"https:\/\/zielonakaretka.pl\/sklep\/polityka-prywatnosci#breadcrumb"},"inLanguage":"pl-PL","potentialAction":[{"@type":"ReadAction","target":["https:\/\/zielonakaretka.pl\/sklep\/polityka-prywatnosci"]}]},{"@type":"ImageObject","inLanguage":"pl-PL","@id":"https:\/\/zielonakaretka.pl\/sklep\/polityka-prywatnosci#primaryimage","url":"","contentUrl":""},{"@type":"BreadcrumbList","@id":"https:\/\/zielonakaretka.pl\/sklep\/polityka-prywatnosci#breadcrumb","itemListElement":[{"@type":"ListItem","position":1,"name":"Strona g\u0142\u00f3wna","item":"https:\/\/zielonakaretka.pl\/sklep\/"},{"@type":"ListItem","position":2,"name":"Polityka prywatno\u015bci"}]},{"@type":"WebSite","@id":"https:\/\/zielonakaretka.pl\/sklep\/#website","url":"https:\/\/zielonakaretka.pl\/sklep\/","name":"Sklep z olejkami CBD | Lupus CBD - produkty z konopi CBD Vap","description":"Sklep z waporyzatorami","potentialAction":[{"@type":"SearchAction","target":{"@type":"EntryPoint","urlTemplate":"https:\/\/zielonakaretka.pl\/sklep\/?s={search_term_string}"},"query-input":{"@type":"PropertyValueSpecification","valueRequired":true,"valueName":"search_term_string"}}],"inLanguage":"pl-PL"}]}},"_links":{"self":[{"href":"https:\/\/zielonakaretka.pl\/sklep\/wp-json\/wp\/v2\/pages\/3","targetHints":{"allow":["GET"]}}],"collection":[{"href":"https:\/\/zielonakaretka.pl\/sklep\/wp-json\/wp\/v2\/pages"}],"about":[{"href":"https:\/\/zielonakaretka.pl\/sklep\/wp-json\/wp\/v2\/types\/page"}],"author":[{"embeddable":true,"href":"https:\/\/zielonakaretka.pl\/sklep\/wp-json\/wp\/v2\/users\/5"}],"replies":[{"embeddable":true,"href":"https:\/\/zielonakaretka.pl\/sklep\/wp-json\/wp\/v2\/comments?post=3"}],"version-history":[{"count":12,"href":"https:\/\/zielonakaretka.pl\/sklep\/wp-json\/wp\/v2\/pages\/3\/revisions"}],"predecessor-version":[{"id":1625,"href":"https:\/\/zielonakaretka.pl\/sklep\/wp-json\/wp\/v2\/pages\/3\/revisions\/1625"}],"wp:attachment":[{"href":"https:\/\/zielonakaretka.pl\/sklep\/wp-json\/wp\/v2\/media?parent=3"}],"curies":[{"name":"wp","href":"https:\/\/api.w.org\/{rel}","templated":true}]}}